{"id":1006,"date":"2025-01-22T09:34:16","date_gmt":"2025-01-22T09:34:16","guid":{"rendered":"https:\/\/bubahof.com\/novy\/?page_id=1006"},"modified":"2025-06-03T17:10:06","modified_gmt":"2025-06-03T15:10:06","slug":"zahrada","status":"publish","type":"page","link":"https:\/\/bubahof.com\/en\/zahrada\/","title":{"rendered":"Garden"},"content":{"rendered":"<div class=\"breakdance\"><section class=\"bde-section-1006-100 bde-section\">\n  \n  \n\t\n\n\n\n<div class=\"section-container\"><div class=\"bde-breadcrumbs-1006-101 bde-breadcrumbs\">\n<span><span><a href=\"https:\/\/bubahof.com\/en\/\">Home<\/a><\/span><\/span>\n<\/div><div class=\"bde-columns-1006-102 bde-columns\"><div class=\"bde-column-1006-103 bde-column\">\n  \n  \n\t\n\n\n\n<img decoding=\"async\" class=\"bde-image2-1006-104 bde-image2\" src=\"https:\/\/bubahof.com\/wp-content\/uploads\/2025\/01\/170615_BBHF_garden_04-3.jpg\" loading=\"lazy\" srcset=\"https:\/\/bubahof.com\/wp-content\/uploads\/2025\/01\/170615_BBHF_garden_04-3.jpg 900w, https:\/\/bubahof.com\/wp-content\/uploads\/2025\/01\/170615_BBHF_garden_04-3-300x200.jpg 300w, https:\/\/bubahof.com\/wp-content\/uploads\/2025\/01\/170615_BBHF_garden_04-3-768x512.jpg 768w\" sizes=\"(max-width: 900px) 100vw, 900px\">\n<\/div><div class=\"bde-column-1006-106 bde-column\">\n  \n  \n\t\n\n\n\n<h1 class=\"bde-heading-1006-107 bde-heading\">\nGarden\n<\/h1><div class=\"bde-rich-text-1006-108 bde-rich-text breakdance-rich-text-styles\">\n<p style=\"text-align: left;\"><em>\"And then the buds appear; in May they turn into a bouquet of white flowers with a tiny yellow centre - they have a heavy honey scent that carries across the Ness. The flowers then turn into seeds - which look like thousands of peas. They turn from green to the colour of bones. At this stage they are at their most beautiful - bouquets of pale ochre, several thousand seeds on each plant. Then the autumn wind returns, the leaves rot at the ground, dry up and are blown away by the wind; by November the catran is gone.\"<\/em><\/p>\n<p style=\"text-align: left;\">Excerpt from Derek jarman's garden, published by Thames &amp; Hudson, 1995.<\/p>\n<\/div>\n<\/div><\/div><div class=\"bde-gallery-1006-105 bde-gallery\">\n\n\n  \n\n\n\n\n\n\n\n\n\n\n<div class=\"ee-gallery ee-gallery--default ee-gallery--grid ee-gallery--single ee-gallery--lightbox ee-gallery--zoom-in ee-gallery--caption- ee-gallery--caption-none ee-gallery--ratio\">\n                  \n      <a class=\"ee-gallery-item ee-gallery-item--image ee-gallery-item--single\" href=\"https:\/\/bubahof.com\/wp-content\/uploads\/2025\/01\/170615_BBHF_garden_08.jpg\" data-sub-html=\"&lt;span&gt;&lt;\/span&gt;\" data-category=\"1\" data-lg-size=\"1350-900\">\n        <figure class=\"ee-gallery-item-figure\">\n                        <img loading=\"lazy\" decoding=\"async\" class=\"breakdance-image-object\" src=\"https:\/\/bubahof.com\/wp-content\/uploads\/2025\/01\/170615_BBHF_garden_08-1024x683.jpg\" width=\"1024\" height=\"683\" srcset=\"https:\/\/bubahof.com\/wp-content\/uploads\/2025\/01\/170615_BBHF_garden_08.jpg 1350w, https:\/\/bubahof.com\/wp-content\/uploads\/2025\/01\/170615_BBHF_garden_08-300x200.jpg 300w, https:\/\/bubahof.com\/wp-content\/uploads\/2025\/01\/170615_BBHF_garden_08-1024x683.jpg 1024w, https:\/\/bubahof.com\/wp-content\/uploads\/2025\/01\/170615_BBHF_garden_08-768x512.jpg 768w\" sizes=\"auto, (max-width: 1350px) 100vw, 1350px\">\n          \n                  <\/figure>\n      <\/a>\n\n                \n      <a class=\"ee-gallery-item ee-gallery-item--image ee-gallery-item--single\" href=\"https:\/\/bubahof.com\/wp-content\/uploads\/2025\/01\/170710_BBHF_garden_01.jpg\" data-sub-html=\"&lt;span&gt;&lt;\/span&gt;\" data-category=\"1\" data-lg-size=\"600-900\">\n        <figure class=\"ee-gallery-item-figure\">\n                        <img loading=\"lazy\" decoding=\"async\" class=\"breakdance-image-object\" src=\"https:\/\/bubahof.com\/wp-content\/uploads\/2025\/01\/170710_BBHF_garden_01.jpg\" width=\"600\" height=\"900\" srcset=\"https:\/\/bubahof.com\/wp-content\/uploads\/2025\/01\/170710_BBHF_garden_01.jpg 600w, https:\/\/bubahof.com\/wp-content\/uploads\/2025\/01\/170710_BBHF_garden_01-200x300.jpg 200w\" sizes=\"auto, (max-width: 600px) 100vw, 600px\">\n          \n                  <\/figure>\n      <\/a>\n\n                \n      <a class=\"ee-gallery-item ee-gallery-item--image ee-gallery-item--single\" href=\"https:\/\/bubahof.com\/wp-content\/uploads\/2025\/01\/170710_BBHF_garden_03.jpg\" data-sub-html=\"&lt;span&gt;&lt;\/span&gt;\" data-category=\"1\" data-lg-size=\"600-900\">\n        <figure class=\"ee-gallery-item-figure\">\n                        <img loading=\"lazy\" decoding=\"async\" class=\"breakdance-image-object\" src=\"https:\/\/bubahof.com\/wp-content\/uploads\/2025\/01\/170710_BBHF_garden_03.jpg\" width=\"600\" height=\"900\" srcset=\"https:\/\/bubahof.com\/wp-content\/uploads\/2025\/01\/170710_BBHF_garden_03.jpg 600w, https:\/\/bubahof.com\/wp-content\/uploads\/2025\/01\/170710_BBHF_garden_03-200x300.jpg 200w\" sizes=\"auto, (max-width: 600px) 100vw, 600px\">\n          \n                  <\/figure>\n      <\/a>\n\n                \n      <a class=\"ee-gallery-item ee-gallery-item--image ee-gallery-item--single\" href=\"https:\/\/bubahof.com\/wp-content\/uploads\/2025\/01\/170710_BBHF_garden_07.jpg\" data-sub-html=\"&lt;span&gt;&lt;\/span&gt;\" data-category=\"1\" data-lg-size=\"900-600\">\n        <figure class=\"ee-gallery-item-figure\">\n                        <img loading=\"lazy\" decoding=\"async\" class=\"breakdance-image-object\" src=\"https:\/\/bubahof.com\/wp-content\/uploads\/2025\/01\/170710_BBHF_garden_07.jpg\" width=\"900\" height=\"600\" srcset=\"https:\/\/bubahof.com\/wp-content\/uploads\/2025\/01\/170710_BBHF_garden_07.jpg 900w, https:\/\/bubahof.com\/wp-content\/uploads\/2025\/01\/170710_BBHF_garden_07-300x200.jpg 300w, https:\/\/bubahof.com\/wp-content\/uploads\/2025\/01\/170710_BBHF_garden_07-768x512.jpg 768w\" sizes=\"auto, (max-width: 900px) 100vw, 900px\">\n          \n                  <\/figure>\n      <\/a>\n\n                \n      <a class=\"ee-gallery-item ee-gallery-item--image ee-gallery-item--single\" href=\"https:\/\/bubahof.com\/wp-content\/uploads\/2025\/01\/170710_BBHF_garden_11.jpg\" data-sub-html=\"&lt;span&gt;&lt;\/span&gt;\" data-category=\"1\" data-lg-size=\"900-600\">\n        <figure class=\"ee-gallery-item-figure\">\n                        <img loading=\"lazy\" decoding=\"async\" class=\"breakdance-image-object\" src=\"https:\/\/bubahof.com\/wp-content\/uploads\/2025\/01\/170710_BBHF_garden_11.jpg\" width=\"900\" height=\"600\" srcset=\"https:\/\/bubahof.com\/wp-content\/uploads\/2025\/01\/170710_BBHF_garden_11.jpg 900w, https:\/\/bubahof.com\/wp-content\/uploads\/2025\/01\/170710_BBHF_garden_11-300x200.jpg 300w, https:\/\/bubahof.com\/wp-content\/uploads\/2025\/01\/170710_BBHF_garden_11-768x512.jpg 768w\" sizes=\"auto, (max-width: 900px) 100vw, 900px\">\n          \n                  <\/figure>\n      <\/a>\n\n                \n      <a class=\"ee-gallery-item ee-gallery-item--image ee-gallery-item--single\" href=\"https:\/\/bubahof.com\/wp-content\/uploads\/2025\/01\/170710_BBHF_garden_15.jpg\" data-sub-html=\"&lt;span&gt;&lt;\/span&gt;\" data-category=\"1\" data-lg-size=\"900-600\">\n        <figure class=\"ee-gallery-item-figure\">\n                        <img loading=\"lazy\" decoding=\"async\" class=\"breakdance-image-object\" src=\"https:\/\/bubahof.com\/wp-content\/uploads\/2025\/01\/170710_BBHF_garden_15.jpg\" width=\"900\" height=\"600\" srcset=\"https:\/\/bubahof.com\/wp-content\/uploads\/2025\/01\/170710_BBHF_garden_15.jpg 900w, https:\/\/bubahof.com\/wp-content\/uploads\/2025\/01\/170710_BBHF_garden_15-300x200.jpg 300w, https:\/\/bubahof.com\/wp-content\/uploads\/2025\/01\/170710_BBHF_garden_15-768x512.jpg 768w\" sizes=\"auto, (max-width: 900px) 100vw, 900px\">\n          \n                  <\/figure>\n      <\/a>\n\n                \n      <a class=\"ee-gallery-item ee-gallery-item--image ee-gallery-item--single\" href=\"https:\/\/bubahof.com\/wp-content\/uploads\/2025\/01\/170710_BBHF_garden_17.jpg\" data-sub-html=\"&lt;span&gt;&lt;\/span&gt;\" data-category=\"1\" data-lg-size=\"600-900\">\n        <figure class=\"ee-gallery-item-figure\">\n                        <img loading=\"lazy\" decoding=\"async\" class=\"breakdance-image-object\" src=\"https:\/\/bubahof.com\/wp-content\/uploads\/2025\/01\/170710_BBHF_garden_17.jpg\" width=\"600\" height=\"900\" srcset=\"https:\/\/bubahof.com\/wp-content\/uploads\/2025\/01\/170710_BBHF_garden_17.jpg 600w, https:\/\/bubahof.com\/wp-content\/uploads\/2025\/01\/170710_BBHF_garden_17-200x300.jpg 200w\" sizes=\"auto, (max-width: 600px) 100vw, 600px\">\n          \n                  <\/figure>\n      <\/a>\n\n                \n      <a class=\"ee-gallery-item ee-gallery-item--image ee-gallery-item--single\" href=\"https:\/\/bubahof.com\/wp-content\/uploads\/2025\/01\/170710_BBHF_garden_18.jpg\" data-sub-html=\"&lt;span&gt;&lt;\/span&gt;\" data-category=\"1\" data-lg-size=\"900-600\">\n        <figure class=\"ee-gallery-item-figure\">\n                        <img loading=\"lazy\" decoding=\"async\" class=\"breakdance-image-object\" src=\"https:\/\/bubahof.com\/wp-content\/uploads\/2025\/01\/170710_BBHF_garden_18.jpg\" width=\"900\" height=\"600\" srcset=\"https:\/\/bubahof.com\/wp-content\/uploads\/2025\/01\/170710_BBHF_garden_18.jpg 900w, https:\/\/bubahof.com\/wp-content\/uploads\/2025\/01\/170710_BBHF_garden_18-300x200.jpg 300w, https:\/\/bubahof.com\/wp-content\/uploads\/2025\/01\/170710_BBHF_garden_18-768x512.jpg 768w\" sizes=\"auto, (max-width: 900px) 100vw, 900px\">\n          \n                  <\/figure>\n      <\/a>\n\n                \n      <a class=\"ee-gallery-item ee-gallery-item--image ee-gallery-item--single\" href=\"https:\/\/bubahof.com\/wp-content\/uploads\/2025\/01\/170710_BBHF_garden_19.jpg\" data-sub-html=\"&lt;span&gt;&lt;\/span&gt;\" data-category=\"1\" data-lg-size=\"900-600\">\n        <figure class=\"ee-gallery-item-figure\">\n                        <img loading=\"lazy\" decoding=\"async\" class=\"breakdance-image-object\" src=\"https:\/\/bubahof.com\/wp-content\/uploads\/2025\/01\/170710_BBHF_garden_19.jpg\" width=\"900\" height=\"600\" srcset=\"https:\/\/bubahof.com\/wp-content\/uploads\/2025\/01\/170710_BBHF_garden_19.jpg 900w, https:\/\/bubahof.com\/wp-content\/uploads\/2025\/01\/170710_BBHF_garden_19-300x200.jpg 300w, https:\/\/bubahof.com\/wp-content\/uploads\/2025\/01\/170710_BBHF_garden_19-768x512.jpg 768w\" sizes=\"auto, (max-width: 900px) 100vw, 900px\">\n          \n                  <\/figure>\n      <\/a>\n\n                \n      <a class=\"ee-gallery-item ee-gallery-item--image ee-gallery-item--single\" href=\"https:\/\/bubahof.com\/wp-content\/uploads\/2025\/01\/170714_BBHF_garden_1.jpg\" data-sub-html=\"&lt;span&gt;&lt;\/span&gt;\" data-category=\"1\" data-lg-size=\"900-600\">\n        <figure class=\"ee-gallery-item-figure\">\n                        <img loading=\"lazy\" decoding=\"async\" class=\"breakdance-image-object\" src=\"https:\/\/bubahof.com\/wp-content\/uploads\/2025\/01\/170714_BBHF_garden_1.jpg\" width=\"900\" height=\"600\" srcset=\"https:\/\/bubahof.com\/wp-content\/uploads\/2025\/01\/170714_BBHF_garden_1.jpg 900w, https:\/\/bubahof.com\/wp-content\/uploads\/2025\/01\/170714_BBHF_garden_1-300x200.jpg 300w, https:\/\/bubahof.com\/wp-content\/uploads\/2025\/01\/170714_BBHF_garden_1-768x512.jpg 768w\" sizes=\"auto, (max-width: 900px) 100vw, 900px\">\n          \n                  <\/figure>\n      <\/a>\n\n                \n      <a class=\"ee-gallery-item ee-gallery-item--image ee-gallery-item--single\" href=\"https:\/\/bubahof.com\/wp-content\/uploads\/2025\/01\/170714_BBHF_garden_2.jpg\" data-sub-html=\"&lt;span&gt;&lt;\/span&gt;\" data-category=\"1\" data-lg-size=\"900-600\">\n        <figure class=\"ee-gallery-item-figure\">\n                        <img loading=\"lazy\" decoding=\"async\" class=\"breakdance-image-object\" src=\"https:\/\/bubahof.com\/wp-content\/uploads\/2025\/01\/170714_BBHF_garden_2.jpg\" width=\"900\" height=\"600\" srcset=\"https:\/\/bubahof.com\/wp-content\/uploads\/2025\/01\/170714_BBHF_garden_2.jpg 900w, https:\/\/bubahof.com\/wp-content\/uploads\/2025\/01\/170714_BBHF_garden_2-300x200.jpg 300w, https:\/\/bubahof.com\/wp-content\/uploads\/2025\/01\/170714_BBHF_garden_2-768x512.jpg 768w\" sizes=\"auto, (max-width: 900px) 100vw, 900px\">\n          \n                  <\/figure>\n      <\/a>\n\n      \n  <\/div>\n\n\n\n<\/div><\/div>\n<\/section><\/div>","protected":false},"excerpt":{"rendered":"<p>Home Garden 'And then the buds appear; in May they turn into a bouquet of white flowers with a tiny yellow centre - they have a heavy honey scent that carries across the Ness. The flowers then turn into seeds - which look like thousands of peas. They turn from green to the colour of bones. At this stage they are at their most beautiful - bouquets [...]<\/p>","protected":false},"author":1,"featured_media":0,"parent":0,"menu_order":0,"comment_status":"closed","ping_status":"closed","template":"","meta":{"_acf_changed":false,"_breakdance_hide_in_design_set":false,"_breakdance_tags":"","footnotes":""},"class_list":["post-1006","page","type-page","status-publish","hentry"],"acf":[],"yoast_head":"<!-- This site is optimized with the Yoast SEO Premium plugin v26.5 (Yoast SEO v26.6) - https:\/\/yoast.com\/wordpress\/plugins\/seo\/ -->\n<title>Zahrada - Bubahof<\/title>\n<meta name=\"robots\" content=\"index, follow, max-snippet:-1, max-image-preview:large, max-video-preview:-1\" \/>\n<link rel=\"canonical\" href=\"https:\/\/bubahof.com\/en\/zahrada\/\" \/>\n<meta property=\"og:locale\" content=\"en_US\" \/>\n<meta property=\"og:type\" content=\"article\" \/>\n<meta property=\"og:title\" content=\"Zahrada\" \/>\n<meta property=\"og:description\" content=\"\u00davod Zahrada \u201eA pak se objev\u00ed poupata; v kv\u011btnu se prom\u011bn\u00ed v kytice b\u00edl\u00fdch kv\u011bt\u016f s drobn\u00fdm \u017elut\u00fdm st\u0159edem \u2013 maj\u00ed t\u011b\u017ekou medovou v\u016fni, kter\u00e1 se nese p\u0159es Ness. Kv\u011bty se pak prom\u011bn\u00ed v sem\u00ednka \u2013 kter\u00e1 vypadaj\u00ed jako tis\u00edce hr\u00e1\u0161k\u016f. Ze zelen\u00fdch se prom\u011bn\u00ed v barvu kost\u00ed. V t\u00e9hle f\u00e1zi jsou nejkr\u00e1sn\u011bj\u0161\u00ed \u2013 kytice [&hellip;]\" \/>\n<meta property=\"og:url\" content=\"https:\/\/bubahof.com\/en\/zahrada\/\" \/>\n<meta property=\"og:site_name\" content=\"Bubahof\" \/>\n<meta property=\"article:modified_time\" content=\"2025-06-03T15:10:06+00:00\" \/>\n<meta name=\"twitter:card\" content=\"summary_large_image\" \/>\n<meta name=\"twitter:label1\" content=\"Est. reading time\" \/>\n\t<meta name=\"twitter:data1\" content=\"5 minutes\" \/>\n<script type=\"application\/ld+json\" class=\"yoast-schema-graph\">{\"@context\":\"https:\/\/schema.org\",\"@graph\":[{\"@type\":\"WebPage\",\"@id\":\"https:\/\/bubahof.com\/zahrada\/\",\"url\":\"https:\/\/bubahof.com\/zahrada\/\",\"name\":\"Zahrada - Bubahof\",\"isPartOf\":{\"@id\":\"https:\/\/bubahof.com\/#website\"},\"datePublished\":\"2025-01-22T09:34:16+00:00\",\"dateModified\":\"2025-06-03T15:10:06+00:00\",\"breadcrumb\":{\"@id\":\"https:\/\/bubahof.com\/zahrada\/#breadcrumb\"},\"inLanguage\":\"en-US\",\"potentialAction\":[{\"@type\":\"ReadAction\",\"target\":[\"https:\/\/bubahof.com\/zahrada\/\"]}]},{\"@type\":\"BreadcrumbList\",\"@id\":\"https:\/\/bubahof.com\/zahrada\/#breadcrumb\",\"itemListElement\":[{\"@type\":\"ListItem\",\"position\":1,\"name\":\"\u00davod\",\"item\":\"https:\/\/bubahof.com\/\"},{\"@type\":\"ListItem\",\"position\":2,\"name\":\"Zahrada\"}]},{\"@type\":\"WebSite\",\"@id\":\"https:\/\/bubahof.com\/#website\",\"url\":\"https:\/\/bubahof.com\/\",\"name\":\"Bubahof\",\"description\":\"\",\"potentialAction\":[{\"@type\":\"SearchAction\",\"target\":{\"@type\":\"EntryPoint\",\"urlTemplate\":\"https:\/\/bubahof.com\/?s={search_term_string}\"},\"query-input\":{\"@type\":\"PropertyValueSpecification\",\"valueRequired\":true,\"valueName\":\"search_term_string\"}}],\"inLanguage\":\"en-US\"}]}<\/script>\n<!-- \/ Yoast SEO Premium plugin. -->","yoast_head_json":{"title":"Zahrada - Bubahof","robots":{"index":"index","follow":"follow","max-snippet":"max-snippet:-1","max-image-preview":"max-image-preview:large","max-video-preview":"max-video-preview:-1"},"canonical":"https:\/\/bubahof.com\/en\/zahrada\/","og_locale":"en_US","og_type":"article","og_title":"Zahrada","og_description":"\u00davod Zahrada \u201eA pak se objev\u00ed poupata; v kv\u011btnu se prom\u011bn\u00ed v kytice b\u00edl\u00fdch kv\u011bt\u016f s drobn\u00fdm \u017elut\u00fdm st\u0159edem \u2013 maj\u00ed t\u011b\u017ekou medovou v\u016fni, kter\u00e1 se nese p\u0159es Ness. Kv\u011bty se pak prom\u011bn\u00ed v sem\u00ednka \u2013 kter\u00e1 vypadaj\u00ed jako tis\u00edce hr\u00e1\u0161k\u016f. Ze zelen\u00fdch se prom\u011bn\u00ed v barvu kost\u00ed. V t\u00e9hle f\u00e1zi jsou nejkr\u00e1sn\u011bj\u0161\u00ed \u2013 kytice [&hellip;]","og_url":"https:\/\/bubahof.com\/en\/zahrada\/","og_site_name":"Bubahof","article_modified_time":"2025-06-03T15:10:06+00:00","twitter_card":"summary_large_image","twitter_misc":{"Est. reading time":"5 minutes"},"schema":{"@context":"https:\/\/schema.org","@graph":[{"@type":"WebPage","@id":"https:\/\/bubahof.com\/zahrada\/","url":"https:\/\/bubahof.com\/zahrada\/","name":"Zahrada - Bubahof","isPartOf":{"@id":"https:\/\/bubahof.com\/#website"},"datePublished":"2025-01-22T09:34:16+00:00","dateModified":"2025-06-03T15:10:06+00:00","breadcrumb":{"@id":"https:\/\/bubahof.com\/zahrada\/#breadcrumb"},"inLanguage":"en-US","potentialAction":[{"@type":"ReadAction","target":["https:\/\/bubahof.com\/zahrada\/"]}]},{"@type":"BreadcrumbList","@id":"https:\/\/bubahof.com\/zahrada\/#breadcrumb","itemListElement":[{"@type":"ListItem","position":1,"name":"\u00davod","item":"https:\/\/bubahof.com\/"},{"@type":"ListItem","position":2,"name":"Zahrada"}]},{"@type":"WebSite","@id":"https:\/\/bubahof.com\/#website","url":"https:\/\/bubahof.com\/","name":"Bubahof","description":"","potentialAction":[{"@type":"SearchAction","target":{"@type":"EntryPoint","urlTemplate":"https:\/\/bubahof.com\/?s={search_term_string}"},"query-input":{"@type":"PropertyValueSpecification","valueRequired":true,"valueName":"search_term_string"}}],"inLanguage":"en-US"}]}},"_links":{"self":[{"href":"https:\/\/bubahof.com\/en\/wp-json\/wp\/v2\/pages\/1006","targetHints":{"allow":["GET"]}}],"collection":[{"href":"https:\/\/bubahof.com\/en\/wp-json\/wp\/v2\/pages"}],"about":[{"href":"https:\/\/bubahof.com\/en\/wp-json\/wp\/v2\/types\/page"}],"author":[{"embeddable":true,"href":"https:\/\/bubahof.com\/en\/wp-json\/wp\/v2\/users\/1"}],"replies":[{"embeddable":true,"href":"https:\/\/bubahof.com\/en\/wp-json\/wp\/v2\/comments?post=1006"}],"version-history":[{"count":4,"href":"https:\/\/bubahof.com\/en\/wp-json\/wp\/v2\/pages\/1006\/revisions"}],"predecessor-version":[{"id":1409,"href":"https:\/\/bubahof.com\/en\/wp-json\/wp\/v2\/pages\/1006\/revisions\/1409"}],"wp:attachment":[{"href":"https:\/\/bubahof.com\/en\/wp-json\/wp\/v2\/media?parent=1006"}],"curies":[{"name":"wp","href":"https:\/\/api.w.org\/{rel}","templated":true}]}}