{"id":1025,"date":"2025-01-22T11:20:23","date_gmt":"2025-01-22T11:20:23","guid":{"rendered":"https:\/\/bubahof.com\/novy\/?page_id=1025"},"modified":"2025-12-18T20:11:08","modified_gmt":"2025-12-18T19:11:08","slug":"prostor-olga","status":"publish","type":"page","link":"https:\/\/bubahof.com\/en\/prostor-olga\/","title":{"rendered":"Space Olga"},"content":{"rendered":"<div class=\"breakdance\"><section class=\"bde-section-1025-126 bde-section\">\n  \n  \n\t\n\n\n\n<div class=\"section-container\"><div class=\"bde-breadcrumbs-1025-127 bde-breadcrumbs\">\n<span><span><a href=\"https:\/\/bubahof.com\/en\/\">Home<\/a><\/span><\/span>\n<\/div><div class=\"bde-columns-1025-128 bde-columns\"><div class=\"bde-column-1025-129 bde-column\">\n  \n  \n\t\n\n\n\n<div class=\"bde-div-1025-130 bde-div\">\n  \n  \n\t\n\n\n\n<h1 class=\"bde-heading-1025-131 bde-heading\">\nSpace Olga\n<\/h1><div class=\"bde-rich-text-1025-108 bde-rich-text breakdance-rich-text-styles\">\n<p>The Olga space is a community space with <a href=\"https:\/\/bubahof.com\/en\/cs\/udalosti-galerie\/\" rel=\"noopener\">galleries<\/a> and a front garden. Adjacent to the <a href=\"https:\/\/bubahof.com\/en\/stranka\/park-frantiska-sucheho\/\">Franti\u0161ek Such\u00fd Park<\/a> in Stra\u0161nice, Prague and you can find it at <a href=\"https:\/\/www.google.com\/maps\/place\/Nad+Primaskou+821,+100+00+Stra%C5%A1nice\/@50.0745467,14.484701,17z\/data=!3m1!4b1!4m5!3m4!1s0x470b93125aacb69b:0x8292868b7afa5aa6!8m2!3d50.0745433!4d14.4868897\" target=\"_blank\" rel=\"noopener noreferrer\">Nad Primaskou 821\/1<\/a>. Since 2021, the Olga Space has been open to the public. In addition to regular exhibitions, it offers an inspiring and organically vibrant space for meetings, creative and educational activities, talks and the circular economy.<\/p><p>In 2024, the gallery invites you to an exhibition cycle <a href=\"https:\/\/bubahof.com\/en\/clanek\/dedictvi-kolektivu-adaptace-a-promena-vystavni-cyklus-pro-rok-2024\/\" rel=\"noopener\">THE HERITAGE OF COLLECTIVES: ADAPTATION AND TRANSFORMATION<\/a>. It loosely followed the cycles of the previous years (2023 - <a href=\"https:\/\/bubahof.com\/en\/clanek\/rodicovska-vystavni-cyklus-pro-rok-2023\/\" rel=\"noopener\">PARENT<\/a>, 2022 - <a href=\"https:\/\/bubahof.com\/en\/clanek\/dcery-synove-matky-otcove-vystavni-cyklus-pro-rok-2022\/\">DAUGHTERS SONS MOTHERS FATHERS<\/a>) and expanded it to include another dimension of social ties, relationships and forms, where cooperation and collectivity are seen as necessary aspects of sustainability and survival. For the year 2025, she has prepared an exhibition series <a href=\"https:\/\/bubahof.com\/en\/clanek\/dr-umeni-vystavni-cyklus-pro-rok-2025\/\" rel=\"noopener\">DR ART.<\/a>\u00a0<\/p><p>\u00a0<\/p><p><strong>Open weekdays Wednesdays and Thursdays from 3 to 7 pm. And during <a href=\"https:\/\/bubahof.com\/en\/archiv-udalosti\/\">events<\/a>.<br><\/strong><\/p><p>Contact: <a href=\"mailto:bubahof@bubahof.com\">bubahof@bubahof.com<\/a>, +420 777 557 828<\/p>\n<\/div>\n<\/div><img decoding=\"async\" class=\"bde-image2-1025-104 bde-image2\" src=\"https:\/\/bubahof.com\/wp-content\/uploads\/2025\/01\/01_Prostor-Olga-pohled-zvenku2-foto-archiv-bubahof.jpg\" loading=\"lazy\" srcset=\"https:\/\/bubahof.com\/wp-content\/uploads\/2025\/01\/01_Prostor-Olga-pohled-zvenku2-foto-archiv-bubahof.jpg 900w, https:\/\/bubahof.com\/wp-content\/uploads\/2025\/01\/01_Prostor-Olga-pohled-zvenku2-foto-archiv-bubahof-300x225.jpg 300w, https:\/\/bubahof.com\/wp-content\/uploads\/2025\/01\/01_Prostor-Olga-pohled-zvenku2-foto-archiv-bubahof-768x576.jpg 768w\" sizes=\"(max-width: 900px) 100vw, 900px\"><div class=\"bde-gallery-1025-105 bde-gallery\">\n\n\n  \n\n\n\n\n\n\n\n\n\n\n<div class=\"ee-gallery ee-gallery--default ee-gallery--grid ee-gallery--single ee-gallery--lightbox ee-gallery--zoom-in ee-gallery--caption- ee-gallery--caption-none ee-gallery--ratio\">\n                  \n      <a class=\"ee-gallery-item ee-gallery-item--image ee-gallery-item--single\" href=\"https:\/\/bubahof.com\/wp-content\/uploads\/2025\/01\/02_Olga_main1.jpg\" data-sub-html=\"&lt;span&gt;&lt;\/span&gt;\" data-category=\"1\" data-lg-size=\"900-600\">\n        <figure class=\"ee-gallery-item-figure\">\n                        <img loading=\"lazy\" decoding=\"async\" class=\"breakdance-image-object\" src=\"https:\/\/bubahof.com\/wp-content\/uploads\/2025\/01\/02_Olga_main1.jpg\" width=\"900\" height=\"600\" srcset=\"https:\/\/bubahof.com\/wp-content\/uploads\/2025\/01\/02_Olga_main1.jpg 900w, https:\/\/bubahof.com\/wp-content\/uploads\/2025\/01\/02_Olga_main1-300x200.jpg 300w, https:\/\/bubahof.com\/wp-content\/uploads\/2025\/01\/02_Olga_main1-768x512.jpg 768w\" sizes=\"auto, (max-width: 900px) 100vw, 900px\">\n          \n                  <\/figure>\n      <\/a>\n\n                \n      <a class=\"ee-gallery-item ee-gallery-item--image ee-gallery-item--single\" href=\"https:\/\/bubahof.com\/wp-content\/uploads\/2025\/01\/03_Olga_main2.jpg\" data-sub-html=\"&lt;span&gt;&lt;\/span&gt;\" data-category=\"1\" data-lg-size=\"900-600\">\n        <figure class=\"ee-gallery-item-figure\">\n                        <img loading=\"lazy\" decoding=\"async\" class=\"breakdance-image-object\" src=\"https:\/\/bubahof.com\/wp-content\/uploads\/2025\/01\/03_Olga_main2.jpg\" width=\"900\" height=\"600\" srcset=\"https:\/\/bubahof.com\/wp-content\/uploads\/2025\/01\/03_Olga_main2.jpg 900w, https:\/\/bubahof.com\/wp-content\/uploads\/2025\/01\/03_Olga_main2-300x200.jpg 300w, https:\/\/bubahof.com\/wp-content\/uploads\/2025\/01\/03_Olga_main2-768x512.jpg 768w\" sizes=\"auto, (max-width: 900px) 100vw, 900px\">\n          \n                  <\/figure>\n      <\/a>\n\n                \n      <a class=\"ee-gallery-item ee-gallery-item--image ee-gallery-item--single\" href=\"https:\/\/bubahof.com\/wp-content\/uploads\/2025\/01\/04_Olga_main5.jpg\" data-sub-html=\"&lt;span&gt;&lt;\/span&gt;\" data-category=\"1\" data-lg-size=\"900-600\">\n        <figure class=\"ee-gallery-item-figure\">\n                        <img loading=\"lazy\" decoding=\"async\" class=\"breakdance-image-object\" src=\"https:\/\/bubahof.com\/wp-content\/uploads\/2025\/01\/04_Olga_main5.jpg\" width=\"900\" height=\"600\" srcset=\"https:\/\/bubahof.com\/wp-content\/uploads\/2025\/01\/04_Olga_main5.jpg 900w, https:\/\/bubahof.com\/wp-content\/uploads\/2025\/01\/04_Olga_main5-300x200.jpg 300w, https:\/\/bubahof.com\/wp-content\/uploads\/2025\/01\/04_Olga_main5-768x512.jpg 768w\" sizes=\"auto, (max-width: 900px) 100vw, 900px\">\n          \n                  <\/figure>\n      <\/a>\n\n                \n      <a class=\"ee-gallery-item ee-gallery-item--image ee-gallery-item--single\" href=\"https:\/\/bubahof.com\/wp-content\/uploads\/2025\/01\/05_Olga_Nan_01.jpg\" data-sub-html=\"&lt;span&gt;&lt;\/span&gt;\" data-category=\"1\" data-lg-size=\"900-719\">\n        <figure class=\"ee-gallery-item-figure\">\n                        <img loading=\"lazy\" decoding=\"async\" class=\"breakdance-image-object\" src=\"https:\/\/bubahof.com\/wp-content\/uploads\/2025\/01\/05_Olga_Nan_01.jpg\" width=\"900\" height=\"719\" srcset=\"https:\/\/bubahof.com\/wp-content\/uploads\/2025\/01\/05_Olga_Nan_01.jpg 900w, https:\/\/bubahof.com\/wp-content\/uploads\/2025\/01\/05_Olga_Nan_01-300x240.jpg 300w, https:\/\/bubahof.com\/wp-content\/uploads\/2025\/01\/05_Olga_Nan_01-768x614.jpg 768w\" sizes=\"auto, (max-width: 900px) 100vw, 900px\">\n          \n                  <\/figure>\n      <\/a>\n\n                \n      <a class=\"ee-gallery-item ee-gallery-item--image ee-gallery-item--single\" href=\"https:\/\/bubahof.com\/wp-content\/uploads\/2025\/01\/06_Insta1.jpg\" data-sub-html=\"&lt;span&gt;&lt;\/span&gt;\" data-category=\"1\" data-lg-size=\"600-900\">\n        <figure class=\"ee-gallery-item-figure\">\n                        <img loading=\"lazy\" decoding=\"async\" class=\"breakdance-image-object\" src=\"https:\/\/bubahof.com\/wp-content\/uploads\/2025\/01\/06_Insta1.jpg\" width=\"600\" height=\"900\" srcset=\"https:\/\/bubahof.com\/wp-content\/uploads\/2025\/01\/06_Insta1.jpg 600w, https:\/\/bubahof.com\/wp-content\/uploads\/2025\/01\/06_Insta1-200x300.jpg 200w\" sizes=\"auto, (max-width: 600px) 100vw, 600px\">\n          \n                  <\/figure>\n      <\/a>\n\n                \n      <a class=\"ee-gallery-item ee-gallery-item--image ee-gallery-item--single\" href=\"https:\/\/bubahof.com\/wp-content\/uploads\/2025\/01\/07_Olga_Rodicovska1_03.jpg\" data-sub-html=\"&lt;span&gt;&lt;\/span&gt;\" data-category=\"1\" data-lg-size=\"900-600\">\n        <figure class=\"ee-gallery-item-figure\">\n                        <img loading=\"lazy\" decoding=\"async\" class=\"breakdance-image-object\" src=\"https:\/\/bubahof.com\/wp-content\/uploads\/2025\/01\/07_Olga_Rodicovska1_03.jpg\" width=\"900\" height=\"600\" srcset=\"https:\/\/bubahof.com\/wp-content\/uploads\/2025\/01\/07_Olga_Rodicovska1_03.jpg 900w, https:\/\/bubahof.com\/wp-content\/uploads\/2025\/01\/07_Olga_Rodicovska1_03-300x200.jpg 300w, https:\/\/bubahof.com\/wp-content\/uploads\/2025\/01\/07_Olga_Rodicovska1_03-768x512.jpg 768w\" sizes=\"auto, (max-width: 900px) 100vw, 900px\">\n          \n                  <\/figure>\n      <\/a>\n\n                \n      <a class=\"ee-gallery-item ee-gallery-item--image ee-gallery-item--single\" href=\"https:\/\/bubahof.com\/wp-content\/uploads\/2025\/01\/08_R5A5169-web.jpg\" data-sub-html=\"&lt;span&gt;&lt;\/span&gt;\" data-category=\"1\" data-lg-size=\"900-600\">\n        <figure class=\"ee-gallery-item-figure\">\n                        <img loading=\"lazy\" decoding=\"async\" class=\"breakdance-image-object\" src=\"https:\/\/bubahof.com\/wp-content\/uploads\/2025\/01\/08_R5A5169-web.jpg\" width=\"900\" height=\"600\" srcset=\"https:\/\/bubahof.com\/wp-content\/uploads\/2025\/01\/08_R5A5169-web.jpg 900w, https:\/\/bubahof.com\/wp-content\/uploads\/2025\/01\/08_R5A5169-web-300x200.jpg 300w, https:\/\/bubahof.com\/wp-content\/uploads\/2025\/01\/08_R5A5169-web-768x512.jpg 768w\" sizes=\"auto, (max-width: 900px) 100vw, 900px\">\n          \n                  <\/figure>\n      <\/a>\n\n                \n      <a class=\"ee-gallery-item ee-gallery-item--image ee-gallery-item--single\" href=\"https:\/\/bubahof.com\/wp-content\/uploads\/2025\/01\/09_Olga_galerie_JD_02.jpg\" data-sub-html=\"&lt;span&gt;&lt;\/span&gt;\" data-category=\"1\" data-lg-size=\"900-600\">\n        <figure class=\"ee-gallery-item-figure\">\n                        <img loading=\"lazy\" decoding=\"async\" class=\"breakdance-image-object\" src=\"https:\/\/bubahof.com\/wp-content\/uploads\/2025\/01\/09_Olga_galerie_JD_02.jpg\" width=\"900\" height=\"600\" srcset=\"https:\/\/bubahof.com\/wp-content\/uploads\/2025\/01\/09_Olga_galerie_JD_02.jpg 900w, https:\/\/bubahof.com\/wp-content\/uploads\/2025\/01\/09_Olga_galerie_JD_02-300x200.jpg 300w, https:\/\/bubahof.com\/wp-content\/uploads\/2025\/01\/09_Olga_galerie_JD_02-768x512.jpg 768w\" sizes=\"auto, (max-width: 900px) 100vw, 900px\">\n          \n                  <\/figure>\n      <\/a>\n\n                \n      <a class=\"ee-gallery-item ee-gallery-item--image ee-gallery-item--single\" href=\"https:\/\/bubahof.com\/wp-content\/uploads\/2025\/01\/Olga-unor-2021-3-1.jpg\" data-sub-html=\"&lt;span&gt;&lt;\/span&gt;\" data-category=\"1\" data-lg-size=\"900-600\">\n        <figure class=\"ee-gallery-item-figure\">\n                        <img loading=\"lazy\" decoding=\"async\" class=\"breakdance-image-object\" src=\"https:\/\/bubahof.com\/wp-content\/uploads\/2025\/01\/Olga-unor-2021-3-1.jpg\" width=\"900\" height=\"600\" srcset=\"https:\/\/bubahof.com\/wp-content\/uploads\/2025\/01\/Olga-unor-2021-3-1.jpg 900w, https:\/\/bubahof.com\/wp-content\/uploads\/2025\/01\/Olga-unor-2021-3-1-300x200.jpg 300w, https:\/\/bubahof.com\/wp-content\/uploads\/2025\/01\/Olga-unor-2021-3-1-768x512.jpg 768w\" sizes=\"auto, (max-width: 900px) 100vw, 900px\">\n          \n                  <\/figure>\n      <\/a>\n\n      \n  <\/div>\n\n\n\n<\/div><div class=\"bde-rich-text-1025-112 bde-rich-text breakdance-rich-text-styles\">\n<p style=\"text-align: left;\">We named the space after the wife of Franti\u0161ek Such\u00fd Sr., the former director of the Stra\u0161nice crematorium, known for his resistance against Nazi and later communist totalitarianism. Mrs. Olga, like her husband and son Franti\u0161ek Such\u00fd Jr., was persecuted and imprisoned in the past. And it is with reference to her that we want to use the site to commemorate the importance of care and background, in something as important as the great deeds of heroes.<\/p><p style=\"text-align: left;\">Since 2019, we also take care of the adjacent <a href=\"https:\/\/bubahof.com\/en\/stranka\/park-frantiska-sucheho\/\">Franti\u0161ek Such\u00fd Park<\/a> and together with our neighbours, local associations and the support of the Prague 10 municipality we are creating new local traditions to make the park a safe meeting place for the local community. Olga has naturally become a backdrop for activities in the park.<\/p><p style=\"text-align: left;\">We thank everyone for their support, especially our neighbours, volunteers, businesses, local clubs and the authority <a href=\"https:\/\/praha10.cz\/\" target=\"_blank\" rel=\"noopener noreferrer\">Municipality of Prague 10<\/a>. The gallery project is realized with the financial support of <a href=\"https:\/\/www.praha.eu\/\" target=\"_blank\" rel=\"noopener noreferrer\">hl. m. Prague<\/a> a <a href=\"https:\/\/www.mkcr.cz\/\" target=\"_blank\" rel=\"noopener noreferrer\">Ministry of Culture of the Czech Republic<\/a>.<\/p>\n<\/div>\n<\/div><div class=\"bde-column-1025-134 bde-column\">\n  \n  \n\t\n\n\n\n\n<\/div><\/div><\/div>\n<\/section><section class=\"bde-section-1025-109 bde-section\">\n  \n  \n\t\n\n\n\n<div class=\"section-container\"><div class=\"bde-post-loop-1025-135 bde-post-loop\">\n<div class=\"bde-loop bde-loop-grid ee-posts ee-posts-grid\">    <article class=\"bde-loop-item ee-post\">\n        <div class=\"breakdance\"><a class=\"bde-container-link-814-100-2525-814-1 bde-container-link bde-container-link-814-100 breakdance-link\" href=\"https:\/\/bubahof.com\/en\/udalost\/olga\/pojdte-dal-tvurci-dilna-2601\/\" target=\"_self\" data-type=\"url\">\n  \n  \n\t\n\n\n\n<img decoding=\"async\" class=\"bde-image2-814-101-2525-814-1 bde-image2 bde-image2-814-101\" src=\"https:\/\/bubahof.com\/wp-content\/uploads\/2025\/10\/Olga_PojdteDal_25_01_banner.jpg\" loading=\"lazy\" srcset=\"https:\/\/bubahof.com\/wp-content\/uploads\/2025\/10\/Olga_PojdteDal_25_01_banner.jpg 800w, https:\/\/bubahof.com\/wp-content\/uploads\/2025\/10\/Olga_PojdteDal_25_01_banner-300x169.jpg 300w, https:\/\/bubahof.com\/wp-content\/uploads\/2025\/10\/Olga_PojdteDal_25_01_banner-768x432.jpg 768w, https:\/\/bubahof.com\/wp-content\/uploads\/2025\/10\/Olga_PojdteDal_25_01_banner-18x10.jpg 18w\" sizes=\"(max-width: 800px) 100vw, 800px\"><h1 class=\"bde-heading-814-102-2525-814-1 bde-heading bde-heading-814-102\">\nPoj\u010fte d\u00e1l \u2013 tv\u016fr\u010d\u00ed d\u00edlna nejen pro dosp\u011bl\u00e9\n<\/h1><div class=\"bde-text-814-103-2525-814-1 bde-text bde-text-814-103\">\nSpace Olga\n<\/div><div class=\"bde-text-814-104-2525-814-1 bde-text bde-text-814-104\">\n26. dubna 2026\n<\/div>\n\n<\/a><\/div>    <\/article>\n    <article class=\"bde-loop-item ee-post\">\n        <div class=\"breakdance\"><a class=\"bde-container-link-814-100-2496-814-1 bde-container-link bde-container-link-814-100 breakdance-link\" href=\"https:\/\/bubahof.com\/en\/udalost\/olga\/otevrena-kniha-ctenarsky-klub-v-prostoru-olga-4\/\" target=\"_self\" data-type=\"url\">\n  \n  \n\t\n\n\n\n<img decoding=\"async\" class=\"bde-image2-814-101-2496-814-1 bde-image2 bde-image2-814-101\" src=\"https:\/\/bubahof.com\/wp-content\/uploads\/2025\/09\/Olga_knihovna_klub_banner.jpg\" loading=\"lazy\" srcset=\"https:\/\/bubahof.com\/wp-content\/uploads\/2025\/09\/Olga_knihovna_klub_banner.jpg 800w, https:\/\/bubahof.com\/wp-content\/uploads\/2025\/09\/Olga_knihovna_klub_banner-300x169.jpg 300w, https:\/\/bubahof.com\/wp-content\/uploads\/2025\/09\/Olga_knihovna_klub_banner-768x432.jpg 768w, https:\/\/bubahof.com\/wp-content\/uploads\/2025\/09\/Olga_knihovna_klub_banner-18x10.jpg 18w\" sizes=\"(max-width: 800px) 100vw, 800px\"><h1 class=\"bde-heading-814-102-2496-814-1 bde-heading bde-heading-814-102\">\nOpen book\n<\/h1><div class=\"bde-text-814-103-2496-814-1 bde-text bde-text-814-103\">\nSpace Olga\n<\/div><div class=\"bde-text-814-104-2496-814-1 bde-text bde-text-814-104\">\n13. dubna 2026\n<\/div>\n\n<\/a><\/div>    <\/article>\n    <article class=\"bde-loop-item ee-post\">\n        <div class=\"breakdance\"><a class=\"bde-container-link-814-100-2517-814-1 bde-container-link bde-container-link-814-100 breakdance-link\" href=\"https:\/\/bubahof.com\/en\/udalost\/olga\/pripravy-na-vsechno-1\/\" target=\"_self\" data-type=\"url\">\n  \n  \n\t\n\n\n\n<img decoding=\"async\" class=\"bde-image2-814-101-2517-814-1 bde-image2 bde-image2-814-101\" src=\"https:\/\/bubahof.com\/wp-content\/uploads\/2026\/03\/FAMU_banner_01-2.jpg\" loading=\"lazy\" srcset=\"https:\/\/bubahof.com\/wp-content\/uploads\/2026\/03\/FAMU_banner_01-2.jpg 800w, https:\/\/bubahof.com\/wp-content\/uploads\/2026\/03\/FAMU_banner_01-2-300x158.jpg 300w, https:\/\/bubahof.com\/wp-content\/uploads\/2026\/03\/FAMU_banner_01-2-768x403.jpg 768w, https:\/\/bubahof.com\/wp-content\/uploads\/2026\/03\/FAMU_banner_01-2-18x9.jpg 18w\" sizes=\"(max-width: 800px) 100vw, 800px\"><h1 class=\"bde-heading-814-102-2517-814-1 bde-heading bde-heading-814-102\">\nP\u0158\u00cdPRAVY NA V\u0160ECHNO #1\n<\/h1><div class=\"bde-text-814-103-2517-814-1 bde-text bde-text-814-103\">\nSpace Olga\n<\/div><div class=\"bde-text-814-104-2517-814-1 bde-text bde-text-814-104\">\n9. dubna 2026\n<\/div>\n\n<\/a><\/div>    <\/article>\n<\/div>\n\n<\/div><div class=\"bde-columns-1025-136 bde-columns\"><div class=\"bde-column-1025-137 bde-column\">\n  \n  \n\t\n\n\n\n<div class=\"bde-globalblock-1025-139 bde-globalblock\">\n<div class=\"breakdance\"><div class=\"bde-div-1434-100-1434-1 bde-div bde-div-1434-100\">\n  \n  \n\t\n\n\n\n<h3 class=\"bde-heading-1434-101-1434-1 bde-heading bde-heading-1434-101\">\nI am interested in receiving news by email<br>\n<\/h3><div class=\"bde-form-builder-1434-102-1434-1 bde-form-builder bde-form-builder-1434-102\">\n\n\n<form id=\"sber-emailu102\" class=\"breakdance-form breakdance-form--horizontal\" data-options='{\"slug\":\"custom\",\"name\":\"Sb\\u011br email\\u016f\",\"ajaxUrl\":\"https:\\\/\\\/bubahof.com\\\/wp-admin\\\/admin-ajax.php\",\"clearOnSuccess\":true,\"hideOnSuccess\":false,\"successMessage\":\"D\\u011bkujeme, V\\u00e1\\u0161 email byl zaevidov\\u00e1n.\",\"errorMessage\":\"Something went wrong\",\"redirect\":false,\"redirectUrl\":\"\",\"customJavaScript\":\"\",\"recaptcha\":{\"key\":\"\",\"enabled\":false},\"honeypot_enabled\":false,\"popupsOnSuccess\":[],\"popupsOnError\":[]}' data-steps=\"0\" action=\"\">\n  \n  \n  \n<div class=\"breakdance-form-field breakdance-form-field--email breakdance-form-field__hide-label\">\n    \n    \n            <label class=\"breakdance-form-field__label\" for=\"email\">\n            Email<span class=\"breakdance-form-field__required\">*<\/span>\n        <\/label>\n    \n    <input class=\"breakdance-form-field__input\" id=\"email\" aria-describedby=\"email\" type=\"email\" name=\"fields[email]\" placeholder=\"Fill in your e-mail address\" value=\"\" required>\n\n\n    \n    \n<\/div>\n\n\n  \n\n<div class=\"breakdance-form-field breakdance-form-footer\">\n    \n    \n                                    \n    \n    \n    \n    \n            \n            <button type=\"submit\" class=\"button-atom button-atom--primary breakdance-form-button breakdance-form-button__submit\">\n    \n        <span class=\"button-atom__text\">Subscribe<\/span>\n\n        \n        \n            <\/button>\n    \n    <input type=\"hidden\" name=\"form_id\" value=\"102\">\n    <input type=\"hidden\" name=\"post_id\" value=\"1434\">\n<\/div>\n\n  \n<input type=\"hidden\" name=\"trp-form-language\" value=\"en\"\/><\/form>\n\n\n\n<\/div><div class=\"bde-rich-text-1434-103-1434-1 bde-rich-text bde-rich-text-1434-103 breakdance-rich-text-styles\">\n<p>By subscribing, I give my consent to bubahof, z. s. to process my personal data. <a href=\"https:\/\/bubahof.com\/en\/clanek\/souhlas-se-zpracovanim-osobnich-udaju\/\">Read more.<\/a><\/p>\n<\/div>\n<\/div><\/div>\n<\/div>\n<\/div><div class=\"bde-column-1025-140 bde-column\">\n  \n  \n\t\n\n\n\n\n<\/div><\/div><\/div>\n<\/section><\/div>","protected":false},"excerpt":{"rendered":"<p>Home Olga Space Olga Space is a community space with a gallery and a front garden. It is adjacent to the Franti\u0161ek Such\u00fd Park in Prague's Stra\u0161nice and can be found at Nad Primaskou 821\/1. In addition to regular exhibitions, it offers an inspiring and organically lively [...]<\/p>","protected":false},"author":1,"featured_media":0,"parent":0,"menu_order":0,"comment_status":"closed","ping_status":"closed","template":"","meta":{"_acf_changed":false,"_breakdance_hide_in_design_set":false,"_breakdance_tags":"","footnotes":""},"class_list":["post-1025","page","type-page","status-publish","hentry"],"acf":[],"yoast_head":"<!-- This site is optimized with the Yoast SEO Premium plugin v26.5 (Yoast SEO v26.6) - https:\/\/yoast.com\/wordpress\/plugins\/seo\/ -->\n<title>Prostor Olga - Bubahof<\/title>\n<meta name=\"robots\" content=\"index, follow, max-snippet:-1, max-image-preview:large, max-video-preview:-1\" \/>\n<link rel=\"canonical\" href=\"https:\/\/bubahof.com\/en\/prostor-olga\/\" \/>\n<meta property=\"og:locale\" content=\"en_US\" \/>\n<meta property=\"og:type\" content=\"article\" \/>\n<meta property=\"og:title\" content=\"Prostor Olga\" \/>\n<meta property=\"og:description\" content=\"\u00davod Prostor Olga Prostor Olga je komunitn\u00ed prostor s galeri\u00ed a p\u0159edzahr\u00e1dkou. P\u0159il\u00e9h\u00e1 k parku Franti\u0161ka Such\u00e9ho v pra\u017esk\u00fdch Stra\u0161nic\u00edch a najdete ji na adrese Nad Primaskou 821\/1. Od roku 2021 je Prostor Olga otev\u0159en\u00fd ve\u0159ejnosti. Krom\u011b pravideln\u00fdch v\u00fdstav nab\u00edz\u00ed inspirativn\u00ed a organicky \u017eiv\u00e9 z\u00e1zem\u00ed pro setk\u00e1v\u00e1n\u00ed, tv\u016fr\u010d\u00ed a vzd\u011bl\u00e1vac\u00ed aktivity, besedy i cirkul\u00e1rn\u00ed ekonomiku.V [&hellip;]\" \/>\n<meta property=\"og:url\" content=\"https:\/\/bubahof.com\/en\/prostor-olga\/\" \/>\n<meta property=\"og:site_name\" content=\"Bubahof\" \/>\n<meta property=\"article:modified_time\" content=\"2025-12-18T19:11:08+00:00\" \/>\n<meta name=\"twitter:card\" content=\"summary_large_image\" \/>\n<meta name=\"twitter:label1\" content=\"Est. reading time\" \/>\n\t<meta name=\"twitter:data1\" content=\"6 minutes\" \/>\n<script type=\"application\/ld+json\" class=\"yoast-schema-graph\">{\"@context\":\"https:\/\/schema.org\",\"@graph\":[{\"@type\":\"WebPage\",\"@id\":\"https:\/\/bubahof.com\/prostor-olga\/\",\"url\":\"https:\/\/bubahof.com\/prostor-olga\/\",\"name\":\"Prostor Olga - Bubahof\",\"isPartOf\":{\"@id\":\"https:\/\/bubahof.com\/#website\"},\"datePublished\":\"2025-01-22T11:20:23+00:00\",\"dateModified\":\"2025-12-18T19:11:08+00:00\",\"breadcrumb\":{\"@id\":\"https:\/\/bubahof.com\/prostor-olga\/#breadcrumb\"},\"inLanguage\":\"en-US\",\"potentialAction\":[{\"@type\":\"ReadAction\",\"target\":[\"https:\/\/bubahof.com\/prostor-olga\/\"]}]},{\"@type\":\"BreadcrumbList\",\"@id\":\"https:\/\/bubahof.com\/prostor-olga\/#breadcrumb\",\"itemListElement\":[{\"@type\":\"ListItem\",\"position\":1,\"name\":\"\u00davod\",\"item\":\"https:\/\/bubahof.com\/\"},{\"@type\":\"ListItem\",\"position\":2,\"name\":\"Prostor Olga\"}]},{\"@type\":\"WebSite\",\"@id\":\"https:\/\/bubahof.com\/#website\",\"url\":\"https:\/\/bubahof.com\/\",\"name\":\"Bubahof\",\"description\":\"\",\"potentialAction\":[{\"@type\":\"SearchAction\",\"target\":{\"@type\":\"EntryPoint\",\"urlTemplate\":\"https:\/\/bubahof.com\/?s={search_term_string}\"},\"query-input\":{\"@type\":\"PropertyValueSpecification\",\"valueRequired\":true,\"valueName\":\"search_term_string\"}}],\"inLanguage\":\"en-US\"}]}<\/script>\n<!-- \/ Yoast SEO Premium plugin. -->","yoast_head_json":{"title":"Prostor Olga - Bubahof","robots":{"index":"index","follow":"follow","max-snippet":"max-snippet:-1","max-image-preview":"max-image-preview:large","max-video-preview":"max-video-preview:-1"},"canonical":"https:\/\/bubahof.com\/en\/prostor-olga\/","og_locale":"en_US","og_type":"article","og_title":"Prostor Olga","og_description":"\u00davod Prostor Olga Prostor Olga je komunitn\u00ed prostor s galeri\u00ed a p\u0159edzahr\u00e1dkou. P\u0159il\u00e9h\u00e1 k parku Franti\u0161ka Such\u00e9ho v pra\u017esk\u00fdch Stra\u0161nic\u00edch a najdete ji na adrese Nad Primaskou 821\/1. Od roku 2021 je Prostor Olga otev\u0159en\u00fd ve\u0159ejnosti. Krom\u011b pravideln\u00fdch v\u00fdstav nab\u00edz\u00ed inspirativn\u00ed a organicky \u017eiv\u00e9 z\u00e1zem\u00ed pro setk\u00e1v\u00e1n\u00ed, tv\u016fr\u010d\u00ed a vzd\u011bl\u00e1vac\u00ed aktivity, besedy i cirkul\u00e1rn\u00ed ekonomiku.V [&hellip;]","og_url":"https:\/\/bubahof.com\/en\/prostor-olga\/","og_site_name":"Bubahof","article_modified_time":"2025-12-18T19:11:08+00:00","twitter_card":"summary_large_image","twitter_misc":{"Est. reading time":"6 minutes"},"schema":{"@context":"https:\/\/schema.org","@graph":[{"@type":"WebPage","@id":"https:\/\/bubahof.com\/prostor-olga\/","url":"https:\/\/bubahof.com\/prostor-olga\/","name":"Prostor Olga - Bubahof","isPartOf":{"@id":"https:\/\/bubahof.com\/#website"},"datePublished":"2025-01-22T11:20:23+00:00","dateModified":"2025-12-18T19:11:08+00:00","breadcrumb":{"@id":"https:\/\/bubahof.com\/prostor-olga\/#breadcrumb"},"inLanguage":"en-US","potentialAction":[{"@type":"ReadAction","target":["https:\/\/bubahof.com\/prostor-olga\/"]}]},{"@type":"BreadcrumbList","@id":"https:\/\/bubahof.com\/prostor-olga\/#breadcrumb","itemListElement":[{"@type":"ListItem","position":1,"name":"\u00davod","item":"https:\/\/bubahof.com\/"},{"@type":"ListItem","position":2,"name":"Prostor Olga"}]},{"@type":"WebSite","@id":"https:\/\/bubahof.com\/#website","url":"https:\/\/bubahof.com\/","name":"Bubahof","description":"","potentialAction":[{"@type":"SearchAction","target":{"@type":"EntryPoint","urlTemplate":"https:\/\/bubahof.com\/?s={search_term_string}"},"query-input":{"@type":"PropertyValueSpecification","valueRequired":true,"valueName":"search_term_string"}}],"inLanguage":"en-US"}]}},"_links":{"self":[{"href":"https:\/\/bubahof.com\/en\/wp-json\/wp\/v2\/pages\/1025","targetHints":{"allow":["GET"]}}],"collection":[{"href":"https:\/\/bubahof.com\/en\/wp-json\/wp\/v2\/pages"}],"about":[{"href":"https:\/\/bubahof.com\/en\/wp-json\/wp\/v2\/types\/page"}],"author":[{"embeddable":true,"href":"https:\/\/bubahof.com\/en\/wp-json\/wp\/v2\/users\/1"}],"replies":[{"embeddable":true,"href":"https:\/\/bubahof.com\/en\/wp-json\/wp\/v2\/comments?post=1025"}],"version-history":[{"count":33,"href":"https:\/\/bubahof.com\/en\/wp-json\/wp\/v2\/pages\/1025\/revisions"}],"predecessor-version":[{"id":2414,"href":"https:\/\/bubahof.com\/en\/wp-json\/wp\/v2\/pages\/1025\/revisions\/2414"}],"wp:attachment":[{"href":"https:\/\/bubahof.com\/en\/wp-json\/wp\/v2\/media?parent=1025"}],"curies":[{"name":"wp","href":"https:\/\/api.w.org\/{rel}","templated":true}]}}