{"id":1086,"date":"2025-01-22T13:34:42","date_gmt":"2025-01-22T13:34:42","guid":{"rendered":"https:\/\/bubahof.com\/novy\/?page_id=1086"},"modified":"2025-10-17T11:41:01","modified_gmt":"2025-10-17T09:41:01","slug":"udalosti-galerie","status":"publish","type":"page","link":"https:\/\/bubahof.com\/en\/udalosti-galerie\/","title":{"rendered":"Gallery events"},"content":{"rendered":"<div class=\"breakdance\"><section class=\"bde-section-1086-100 bde-section\">\n  \n  \n\t\n\n\n\n<div class=\"section-container\"><div class=\"bde-breadcrumbs-1086-101 bde-breadcrumbs\">\n<span><span><a href=\"https:\/\/bubahof.com\/en\/\">Home<\/a><\/span><\/span>\n<\/div><div class=\"bde-text-1086-116 bde-text\">\nThe gallery's ambition is to make contemporary art accessible to a wider audience, as well as to fill an empty space on the gallery map and invite the art scene to Prague's Stra\u0161nice. The gallery can be found in Prostor Olga at Nad Primaskou 821\/1 and can be visited every Wednesday and Thursday from 3 to 7 pm, or by prior arrangement by phone +420 777 557 828 or e-mail bubahof@bubahof.com.\n<\/div><div class=\"bde-columns-1086-102 bde-columns\"><div class=\"bde-column-1086-103 bde-column\">\n  \n  \n\t\n\n\n\n<div class=\"bde-div-1086-104 bde-div\">\n  \n  \n\t\n\n\n\n<h3 class=\"bde-heading-1086-105 bde-heading\">\nEvents Gallery\n<\/h3>\n<\/div>\n<\/div><\/div><div class=\"bde-post-loop-1086-115 bde-post-loop\">\n<div class=\"bde-loop bde-loop-list ee-posts ee-posts-list\">    <article class=\"bde-loop-item ee-post\">\n        <div class=\"breakdance\"><a class=\"bde-container-link-1084-113-2525-1084-1 bde-container-link bde-container-link-1084-113 breakdance-link\" href=\"https:\/\/bubahof.com\/en\/udalost\/olga\/pojdte-dal-tvurci-dilna-2601\/\" target=\"_self\" data-type=\"url\">\n  \n  \n\t\n\n\n\n<div class=\"bde-columns-1084-110-2525-1084-1 bde-columns bde-columns-1084-110\"><div class=\"bde-column-1084-111-2525-1084-1 bde-column bde-column-1084-111\">\n  \n  \n\t\n\n\n\n<img decoding=\"async\" class=\"bde-image2-1084-104-2525-1084-1 bde-image2 bde-image2-1084-104\" src=\"https:\/\/bubahof.com\/wp-content\/uploads\/2025\/10\/Olga_PojdteDal_25_01_banner.jpg\" loading=\"lazy\" srcset=\"https:\/\/bubahof.com\/wp-content\/uploads\/2025\/10\/Olga_PojdteDal_25_01_banner.jpg 800w, https:\/\/bubahof.com\/wp-content\/uploads\/2025\/10\/Olga_PojdteDal_25_01_banner-300x169.jpg 300w, https:\/\/bubahof.com\/wp-content\/uploads\/2025\/10\/Olga_PojdteDal_25_01_banner-768x432.jpg 768w, https:\/\/bubahof.com\/wp-content\/uploads\/2025\/10\/Olga_PojdteDal_25_01_banner-18x10.jpg 18w\" sizes=\"(max-width: 800px) 100vw, 800px\">\n<\/div><div class=\"bde-column-1084-112-2525-1084-1 bde-column bde-column-1084-112\">\n  \n  \n\t\n\n\n\n<h1 class=\"bde-heading-1084-106-2525-1084-1 bde-heading bde-heading-1084-106\">\nPoj\u010fte d\u00e1l \u2013 tv\u016fr\u010d\u00ed d\u00edlna nejen pro dosp\u011bl\u00e9\n<\/h1><div class=\"bde-div-1084-105-2525-1084-1 bde-div bde-div-1084-105\">\n  \n  \n\t\n\n\n\n<div class=\"bde-text-1084-107-2525-1084-1 bde-text bde-text-1084-107\">\nSpace Olga\n<\/div><div class=\"bde-text-1084-108-2525-1084-1 bde-text bde-text-1084-108\">\n26. dubna 2026\n<\/div><div class=\"bde-text-1084-109-2525-1084-1 bde-text bde-text-1084-109\">\n\n<\/div>\n<\/div>\n<\/div><\/div>\n\n<\/a><\/div>    <\/article>\n    <article class=\"bde-loop-item ee-post\">\n        <div class=\"breakdance\"><a class=\"bde-container-link-1084-113-2517-1084-1 bde-container-link bde-container-link-1084-113 breakdance-link\" href=\"https:\/\/bubahof.com\/en\/udalost\/olga\/pripravy-na-vsechno-1\/\" target=\"_self\" data-type=\"url\">\n  \n  \n\t\n\n\n\n<div class=\"bde-columns-1084-110-2517-1084-1 bde-columns bde-columns-1084-110\"><div class=\"bde-column-1084-111-2517-1084-1 bde-column bde-column-1084-111\">\n  \n  \n\t\n\n\n\n<img decoding=\"async\" class=\"bde-image2-1084-104-2517-1084-1 bde-image2 bde-image2-1084-104\" src=\"https:\/\/bubahof.com\/wp-content\/uploads\/2026\/03\/FAMU_banner_01-2.jpg\" loading=\"lazy\" srcset=\"https:\/\/bubahof.com\/wp-content\/uploads\/2026\/03\/FAMU_banner_01-2.jpg 800w, https:\/\/bubahof.com\/wp-content\/uploads\/2026\/03\/FAMU_banner_01-2-300x158.jpg 300w, https:\/\/bubahof.com\/wp-content\/uploads\/2026\/03\/FAMU_banner_01-2-768x403.jpg 768w, https:\/\/bubahof.com\/wp-content\/uploads\/2026\/03\/FAMU_banner_01-2-18x9.jpg 18w\" sizes=\"(max-width: 800px) 100vw, 800px\">\n<\/div><div class=\"bde-column-1084-112-2517-1084-1 bde-column bde-column-1084-112\">\n  \n  \n\t\n\n\n\n<h1 class=\"bde-heading-1084-106-2517-1084-1 bde-heading bde-heading-1084-106\">\nP\u0158\u00cdPRAVY NA V\u0160ECHNO #1\n<\/h1><div class=\"bde-div-1084-105-2517-1084-1 bde-div bde-div-1084-105\">\n  \n  \n\t\n\n\n\n<div class=\"bde-text-1084-107-2517-1084-1 bde-text bde-text-1084-107\">\nSpace Olga\n<\/div><div class=\"bde-text-1084-108-2517-1084-1 bde-text bde-text-1084-108\">\n9. dubna 2026\n<\/div><div class=\"bde-text-1084-109-2517-1084-1 bde-text bde-text-1084-109\">\nAutorsk\u00fd cyklus ve\u010der\u016f, kter\u00e9 propojuj\u00ed filmovou tvorbu nejmlad\u0161\u00ed generace filma\u0159\u016f a filma\u0159ek z FAMU s praktick\u00fdm n\u00e1cvikem kolektivn\u00ed odolnosti.\n<\/div>\n<\/div>\n<\/div><\/div>\n\n<\/a><\/div>    <\/article>\n    <article class=\"bde-loop-item ee-post\">\n        <div class=\"breakdance\"><a class=\"bde-container-link-1084-113-2512-1084-1 bde-container-link bde-container-link-1084-113 breakdance-link\" href=\"https:\/\/bubahof.com\/en\/udalost\/olga\/vseho-do-casu\/\" target=\"_self\" data-type=\"url\">\n  \n  \n\t\n\n\n\n<div class=\"bde-columns-1084-110-2512-1084-1 bde-columns bde-columns-1084-110\"><div class=\"bde-column-1084-111-2512-1084-1 bde-column bde-column-1084-111\">\n  \n  \n\t\n\n\n\n<img decoding=\"async\" class=\"bde-image2-1084-104-2512-1084-1 bde-image2 bde-image2-1084-104\" src=\"https:\/\/bubahof.com\/wp-content\/uploads\/2026\/03\/Olga26_CAS_banner.jpg\" loading=\"lazy\" srcset=\"https:\/\/bubahof.com\/wp-content\/uploads\/2026\/03\/Olga26_CAS_banner.jpg 800w, https:\/\/bubahof.com\/wp-content\/uploads\/2026\/03\/Olga26_CAS_banner-300x158.jpg 300w, https:\/\/bubahof.com\/wp-content\/uploads\/2026\/03\/Olga26_CAS_banner-768x403.jpg 768w, https:\/\/bubahof.com\/wp-content\/uploads\/2026\/03\/Olga26_CAS_banner-18x9.jpg 18w\" sizes=\"(max-width: 800px) 100vw, 800px\">\n<\/div><div class=\"bde-column-1084-112-2512-1084-1 bde-column bde-column-1084-112\">\n  \n  \n\t\n\n\n\n<h1 class=\"bde-heading-1084-106-2512-1084-1 bde-heading bde-heading-1084-106\">\nV\u0161eho do CASu\n<\/h1><div class=\"bde-div-1084-105-2512-1084-1 bde-div bde-div-1084-105\">\n  \n  \n\t\n\n\n\n<div class=\"bde-text-1084-107-2512-1084-1 bde-text bde-text-1084-107\">\nSpace Olga\n<\/div><div class=\"bde-text-1084-108-2512-1084-1 bde-text bde-text-1084-108\">\n30. b\u0159ezna 2026\n<\/div><div class=\"bde-text-1084-109-2512-1084-1 bde-text bde-text-1084-109\">\nV r\u00e1mci p\u0159ipom\u00ednky jednadvaceti let od zalo\u017een\u00ed Centra audiovizu\u00e1ln\u00edch studi\u00ed na FAMU.\n<\/div>\n<\/div>\n<\/div><\/div>\n\n<\/a><\/div>    <\/article>\n    <article class=\"bde-loop-item ee-post\">\n        <div class=\"breakdance\"><a class=\"bde-container-link-1084-113-2510-1084-1 bde-container-link bde-container-link-1084-113 breakdance-link\" href=\"https:\/\/bubahof.com\/en\/udalost\/olga\/zveromedze\/\" target=\"_self\" data-type=\"url\">\n  \n  \n\t\n\n\n\n<div class=\"bde-columns-1084-110-2510-1084-1 bde-columns bde-columns-1084-110\"><div class=\"bde-column-1084-111-2510-1084-1 bde-column bde-column-1084-111\">\n  \n  \n\t\n\n\n\n<img decoding=\"async\" class=\"bde-image2-1084-104-2510-1084-1 bde-image2 bde-image2-1084-104\" src=\"https:\/\/bubahof.com\/wp-content\/uploads\/2026\/03\/Olga_galerie_26_01_zveromedze_banner.jpg\" loading=\"lazy\" srcset=\"https:\/\/bubahof.com\/wp-content\/uploads\/2026\/03\/Olga_galerie_26_01_zveromedze_banner.jpg 800w, https:\/\/bubahof.com\/wp-content\/uploads\/2026\/03\/Olga_galerie_26_01_zveromedze_banner-300x169.jpg 300w, https:\/\/bubahof.com\/wp-content\/uploads\/2026\/03\/Olga_galerie_26_01_zveromedze_banner-768x432.jpg 768w, https:\/\/bubahof.com\/wp-content\/uploads\/2026\/03\/Olga_galerie_26_01_zveromedze_banner-18x10.jpg 18w\" sizes=\"(max-width: 800px) 100vw, 800px\">\n<\/div><div class=\"bde-column-1084-112-2510-1084-1 bde-column bde-column-1084-112\">\n  \n  \n\t\n\n\n\n<h1 class=\"bde-heading-1084-106-2510-1084-1 bde-heading bde-heading-1084-106\">\nZVEROMEDZE\n<\/h1><div class=\"bde-div-1084-105-2510-1084-1 bde-div bde-div-1084-105\">\n  \n  \n\t\n\n\n\n<div class=\"bde-text-1084-107-2510-1084-1 bde-text bde-text-1084-107\">\nSpace Olga\n<\/div><div class=\"bde-text-1084-108-2510-1084-1 bde-text bde-text-1084-108\">\n2. dubna 2026\n<\/div><div class=\"bde-text-1084-109-2510-1084-1 bde-text bde-text-1084-109\">\n\n<\/div>\n<\/div>\n<\/div><\/div>\n\n<\/a><\/div>    <\/article>\n    <article class=\"bde-loop-item ee-post\">\n        <div class=\"breakdance\"><a class=\"bde-container-link-1084-113-2508-1084-1 bde-container-link bde-container-link-1084-113 breakdance-link\" href=\"https:\/\/bubahof.com\/en\/udalost\/olga\/tired-atlas\/\" target=\"_self\" data-type=\"url\">\n  \n  \n\t\n\n\n\n<div class=\"bde-columns-1084-110-2508-1084-1 bde-columns bde-columns-1084-110\"><div class=\"bde-column-1084-111-2508-1084-1 bde-column bde-column-1084-111\">\n  \n  \n\t\n\n\n\n<img decoding=\"async\" class=\"bde-image2-1084-104-2508-1084-1 bde-image2 bde-image2-1084-104\" src=\"https:\/\/bubahof.com\/wp-content\/uploads\/2026\/03\/Olga_Atlas_26_igor_banner.jpg\" loading=\"lazy\" srcset=\"https:\/\/bubahof.com\/wp-content\/uploads\/2026\/03\/Olga_Atlas_26_igor_banner.jpg 800w, https:\/\/bubahof.com\/wp-content\/uploads\/2026\/03\/Olga_Atlas_26_igor_banner-300x169.jpg 300w, https:\/\/bubahof.com\/wp-content\/uploads\/2026\/03\/Olga_Atlas_26_igor_banner-768x432.jpg 768w, https:\/\/bubahof.com\/wp-content\/uploads\/2026\/03\/Olga_Atlas_26_igor_banner-18x10.jpg 18w\" sizes=\"(max-width: 800px) 100vw, 800px\">\n<\/div><div class=\"bde-column-1084-112-2508-1084-1 bde-column bde-column-1084-112\">\n  \n  \n\t\n\n\n\n<h1 class=\"bde-heading-1084-106-2508-1084-1 bde-heading bde-heading-1084-106\">\nTIRED ATLAS\n<\/h1><div class=\"bde-div-1084-105-2508-1084-1 bde-div bde-div-1084-105\">\n  \n  \n\t\n\n\n\n<div class=\"bde-text-1084-107-2508-1084-1 bde-text bde-text-1084-107\">\nkino Atlas\n<\/div><div class=\"bde-text-1084-108-2508-1084-1 bde-text bde-text-1084-108\">\n21. b\u0159ezna 2026\n<\/div><div class=\"bde-text-1084-109-2508-1084-1 bde-text bde-text-1084-109\">\nVernis\u00e1\u017e jednoho obrazu na galerijn\u00ed st\u011bn\u011b 200 \u2219 350 v Caf\u00e9 Atlas rostlin (kino Atlas).\n<\/div>\n<\/div>\n<\/div><\/div>\n\n<\/a><\/div>    <\/article>\n    <article class=\"bde-loop-item ee-post\">\n        <div class=\"breakdance\"><a class=\"bde-container-link-1084-113-2496-1084-1 bde-container-link bde-container-link-1084-113 breakdance-link\" href=\"https:\/\/bubahof.com\/en\/udalost\/olga\/otevrena-kniha-ctenarsky-klub-v-prostoru-olga-4\/\" target=\"_self\" data-type=\"url\">\n  \n  \n\t\n\n\n\n<div class=\"bde-columns-1084-110-2496-1084-1 bde-columns bde-columns-1084-110\"><div class=\"bde-column-1084-111-2496-1084-1 bde-column bde-column-1084-111\">\n  \n  \n\t\n\n\n\n<img decoding=\"async\" class=\"bde-image2-1084-104-2496-1084-1 bde-image2 bde-image2-1084-104\" src=\"https:\/\/bubahof.com\/wp-content\/uploads\/2025\/09\/Olga_knihovna_klub_banner.jpg\" loading=\"lazy\" srcset=\"https:\/\/bubahof.com\/wp-content\/uploads\/2025\/09\/Olga_knihovna_klub_banner.jpg 800w, https:\/\/bubahof.com\/wp-content\/uploads\/2025\/09\/Olga_knihovna_klub_banner-300x169.jpg 300w, https:\/\/bubahof.com\/wp-content\/uploads\/2025\/09\/Olga_knihovna_klub_banner-768x432.jpg 768w, https:\/\/bubahof.com\/wp-content\/uploads\/2025\/09\/Olga_knihovna_klub_banner-18x10.jpg 18w\" sizes=\"(max-width: 800px) 100vw, 800px\">\n<\/div><div class=\"bde-column-1084-112-2496-1084-1 bde-column bde-column-1084-112\">\n  \n  \n\t\n\n\n\n<h1 class=\"bde-heading-1084-106-2496-1084-1 bde-heading bde-heading-1084-106\">\nOpen book\n<\/h1><div class=\"bde-div-1084-105-2496-1084-1 bde-div bde-div-1084-105\">\n  \n  \n\t\n\n\n\n<div class=\"bde-text-1084-107-2496-1084-1 bde-text bde-text-1084-107\">\nSpace Olga\n<\/div><div class=\"bde-text-1084-108-2496-1084-1 bde-text bde-text-1084-108\">\n13. dubna 2026\n<\/div><div class=\"bde-text-1084-109-2496-1084-1 bde-text bde-text-1084-109\">\n\n<\/div>\n<\/div>\n<\/div><\/div>\n\n<\/a><\/div>    <\/article>\n    <article class=\"bde-loop-item ee-post\">\n        <div class=\"breakdance\"><a class=\"bde-container-link-1084-113-2491-1084-1 bde-container-link bde-container-link-1084-113 breakdance-link\" href=\"https:\/\/bubahof.com\/en\/udalost\/olga\/dokud-zvoni-louky\/\" target=\"_self\" data-type=\"url\">\n  \n  \n\t\n\n\n\n<div class=\"bde-columns-1084-110-2491-1084-1 bde-columns bde-columns-1084-110\"><div class=\"bde-column-1084-111-2491-1084-1 bde-column bde-column-1084-111\">\n  \n  \n\t\n\n\n\n<img decoding=\"async\" class=\"bde-image2-1084-104-2491-1084-1 bde-image2 bde-image2-1084-104\" src=\"https:\/\/bubahof.com\/wp-content\/uploads\/2026\/02\/Olga_galerie_26_01_antonieAlex_banner.jpg\" loading=\"lazy\" srcset=\"https:\/\/bubahof.com\/wp-content\/uploads\/2026\/02\/Olga_galerie_26_01_antonieAlex_banner.jpg 800w, https:\/\/bubahof.com\/wp-content\/uploads\/2026\/02\/Olga_galerie_26_01_antonieAlex_banner-300x169.jpg 300w, https:\/\/bubahof.com\/wp-content\/uploads\/2026\/02\/Olga_galerie_26_01_antonieAlex_banner-768x432.jpg 768w, https:\/\/bubahof.com\/wp-content\/uploads\/2026\/02\/Olga_galerie_26_01_antonieAlex_banner-18x10.jpg 18w\" sizes=\"(max-width: 800px) 100vw, 800px\">\n<\/div><div class=\"bde-column-1084-112-2491-1084-1 bde-column bde-column-1084-112\">\n  \n  \n\t\n\n\n\n<h1 class=\"bde-heading-1084-106-2491-1084-1 bde-heading bde-heading-1084-106\">\nWHILE THE MEADOWS (S)SMELL\n<\/h1><div class=\"bde-div-1084-105-2491-1084-1 bde-div bde-div-1084-105\">\n  \n  \n\t\n\n\n\n<div class=\"bde-text-1084-107-2491-1084-1 bde-text bde-text-1084-107\">\nSpace Olga\n<\/div><div class=\"bde-text-1084-108-2491-1084-1 bde-text bde-text-1084-108\">\n13 March - 30 April 2026\n<\/div><div class=\"bde-text-1084-109-2491-1084-1 bde-text bde-text-1084-109\">\nPrvn\u00ed v\u00fdstava cyklu ZKOU\u0160KA SYST\u00c9MU, kter\u00fd p\u0159edstavuje spoluautorskou tvorbu nejmlad\u0161\u00ed generace jako kritickou sondu do sou\u010dasn\u00fdch spole\u010densk\u00fdch struktur, je\u017e v dob\u011b kriz\u00ed prov\u011b\u0159uje a odhaluje jejich limity.\n<\/div>\n<\/div>\n<\/div><\/div>\n\n<\/a><\/div>    <\/article>\n    <article class=\"bde-loop-item ee-post\">\n        <div class=\"breakdance\"><a class=\"bde-container-link-1084-113-2459-1084-1 bde-container-link bde-container-link-1084-113 breakdance-link\" href=\"https:\/\/bubahof.com\/en\/udalost\/olga\/analogovy-prepis-basne\/\" target=\"_self\" data-type=\"url\">\n  \n  \n\t\n\n\n\n<div class=\"bde-columns-1084-110-2459-1084-1 bde-columns bde-columns-1084-110\"><div class=\"bde-column-1084-111-2459-1084-1 bde-column bde-column-1084-111\">\n  \n  \n\t\n\n\n\n<img decoding=\"async\" class=\"bde-image2-1084-104-2459-1084-1 bde-image2 bde-image2-1084-104\" src=\"https:\/\/bubahof.com\/wp-content\/uploads\/2026\/01\/Olga26_AnalogovyPrepisBasne_banner.jpg\" loading=\"lazy\" srcset=\"https:\/\/bubahof.com\/wp-content\/uploads\/2026\/01\/Olga26_AnalogovyPrepisBasne_banner.jpg 800w, https:\/\/bubahof.com\/wp-content\/uploads\/2026\/01\/Olga26_AnalogovyPrepisBasne_banner-300x158.jpg 300w, https:\/\/bubahof.com\/wp-content\/uploads\/2026\/01\/Olga26_AnalogovyPrepisBasne_banner-768x403.jpg 768w, https:\/\/bubahof.com\/wp-content\/uploads\/2026\/01\/Olga26_AnalogovyPrepisBasne_banner-18x9.jpg 18w\" sizes=\"(max-width: 800px) 100vw, 800px\">\n<\/div><div class=\"bde-column-1084-112-2459-1084-1 bde-column bde-column-1084-112\">\n  \n  \n\t\n\n\n\n<h1 class=\"bde-heading-1084-106-2459-1084-1 bde-heading bde-heading-1084-106\">\nAnalog transcription of the poem\n<\/h1><div class=\"bde-div-1084-105-2459-1084-1 bde-div bde-div-1084-105\">\n  \n  \n\t\n\n\n\n<div class=\"bde-text-1084-107-2459-1084-1 bde-text bde-text-1084-107\">\nSpace Olga\n<\/div><div class=\"bde-text-1084-108-2459-1084-1 bde-text bde-text-1084-108\">\n19 February 2026\n<\/div><div class=\"bde-text-1084-109-2459-1084-1 bde-text bde-text-1084-109\">\n\n<\/div>\n<\/div>\n<\/div><\/div>\n\n<\/a><\/div>    <\/article>\n<\/div>    <div class=\"bde-posts-pagination-infinite-loader-wrapper bde-posts-pagination button-atom__icon-wrapper\" data-ssr-path=\"breakdance\/subplugins\/breakdance-elements\/elements\/Posts_Loop\/ssr.php\">\n         <svg class=\"breakdance-form-loader\" xmlns=\"http:\/\/www.w3.org\/2000\/svg\" fill=\"none\" viewbox=\"0 0 24 24\">\n            <circle opacity=\"0.25\" fill=\"none\" cx=\"12\" cy=\"12\" r=\"10\" stroke=\"currentColor\" stroke-width=\"4\"><\/circle>\n            <path opacity=\"0.75\" fill=\"currentColor\" d=\"M4 12a8 8 0 018-8V0C5.373 0 0 5.373 0 12h4zm2 5.291A7.962 7.962 0 014 12H0c0 3.042 1.135 5.824 3 7.938l3-2.647z\"><\/path>\n        <\/svg>\n    <\/div>\n\n<\/div><\/div>\n<\/section><\/div>","protected":false},"excerpt":{"rendered":"<p>Introduction The gallery's ambition is to make contemporary art accessible to a wider audience, as well as to fill an empty space on the gallery map and invite the art scene to Prague's Stra\u0161nice. The gallery can be found in Prostor Olga at Nad Primaskou 821\/1 and can be visited every Wednesday and Thursday from 3 to 7 pm, or by appointment by calling +420 777 [...]<\/p>","protected":false},"author":1,"featured_media":0,"parent":0,"menu_order":0,"comment_status":"closed","ping_status":"closed","template":"","meta":{"_acf_changed":false,"_breakdance_hide_in_design_set":false,"_breakdance_tags":"","footnotes":""},"class_list":["post-1086","page","type-page","status-publish","hentry"],"acf":[],"yoast_head":"<!-- This site is optimized with the Yoast SEO Premium plugin v26.5 (Yoast SEO v26.6) - https:\/\/yoast.com\/wordpress\/plugins\/seo\/ -->\n<title>Ud\u00e1losti galerie - Bubahof<\/title>\n<meta name=\"robots\" content=\"index, follow, max-snippet:-1, max-image-preview:large, max-video-preview:-1\" \/>\n<link rel=\"canonical\" href=\"https:\/\/bubahof.com\/en\/udalosti-galerie\/\" \/>\n<meta property=\"og:locale\" content=\"en_US\" \/>\n<meta property=\"og:type\" content=\"article\" \/>\n<meta property=\"og:title\" content=\"Ud\u00e1losti galerie\" \/>\n<meta property=\"og:description\" content=\"\u00davod Ambic\u00ed galerie je zp\u0159\u00edstupnit sou\u010dasn\u00e9 um\u011bn\u00ed \u0161ir\u0161\u00edmu publiku, stejn\u011b jako zaplnit pr\u00e1zdn\u00e9 m\u00edsto na galerijn\u00ed map\u011b a p\u0159izvat um\u011bleckou sc\u00e9nu do pra\u017esk\u00fdch Stra\u0161nic. Galerii najdete v Prostoru Olga na adrese Nad Primaskou 821\/1 a nav\u0161t\u00edvit ji m\u016f\u017eete ka\u017edou st\u0159edu a \u010dtvrtek od 15 do 19 hodin, nebo po p\u0159edchoz\u00ed domluv\u011b na telefonu +420 777 [&hellip;]\" \/>\n<meta property=\"og:url\" content=\"https:\/\/bubahof.com\/en\/udalosti-galerie\/\" \/>\n<meta property=\"og:site_name\" content=\"Bubahof\" \/>\n<meta property=\"article:modified_time\" content=\"2025-10-17T09:41:01+00:00\" \/>\n<meta property=\"og:image\" content=\"https:\/\/bubahof.com\/wp-content\/uploads\/2025\/10\/Olga_PojdteDal_25_01_banner.jpg\" \/>\n<meta name=\"twitter:card\" content=\"summary_large_image\" \/>\n<meta name=\"twitter:label1\" content=\"Est. reading time\" \/>\n\t<meta name=\"twitter:data1\" content=\"3 minutes\" \/>\n<script type=\"application\/ld+json\" class=\"yoast-schema-graph\">{\"@context\":\"https:\/\/schema.org\",\"@graph\":[{\"@type\":\"WebPage\",\"@id\":\"https:\/\/bubahof.com\/udalosti-galerie\/\",\"url\":\"https:\/\/bubahof.com\/udalosti-galerie\/\",\"name\":\"Ud\u00e1losti galerie - Bubahof\",\"isPartOf\":{\"@id\":\"https:\/\/bubahof.com\/#website\"},\"primaryImageOfPage\":{\"@id\":\"https:\/\/bubahof.com\/udalosti-galerie\/#primaryimage\"},\"image\":{\"@id\":\"https:\/\/bubahof.com\/udalosti-galerie\/#primaryimage\"},\"thumbnailUrl\":\"https:\/\/bubahof.com\/wp-content\/uploads\/2025\/10\/Olga_PojdteDal_25_01_banner.jpg\",\"datePublished\":\"2025-01-22T13:34:42+00:00\",\"dateModified\":\"2025-10-17T09:41:01+00:00\",\"breadcrumb\":{\"@id\":\"https:\/\/bubahof.com\/udalosti-galerie\/#breadcrumb\"},\"inLanguage\":\"en-US\",\"potentialAction\":[{\"@type\":\"ReadAction\",\"target\":[\"https:\/\/bubahof.com\/udalosti-galerie\/\"]}]},{\"@type\":\"ImageObject\",\"inLanguage\":\"en-US\",\"@id\":\"https:\/\/bubahof.com\/udalosti-galerie\/#primaryimage\",\"url\":\"https:\/\/bubahof.com\/wp-content\/uploads\/2025\/10\/Olga_PojdteDal_25_01_banner.jpg\",\"contentUrl\":\"https:\/\/bubahof.com\/wp-content\/uploads\/2025\/10\/Olga_PojdteDal_25_01_banner.jpg\"},{\"@type\":\"BreadcrumbList\",\"@id\":\"https:\/\/bubahof.com\/udalosti-galerie\/#breadcrumb\",\"itemListElement\":[{\"@type\":\"ListItem\",\"position\":1,\"name\":\"\u00davod\",\"item\":\"https:\/\/bubahof.com\/\"},{\"@type\":\"ListItem\",\"position\":2,\"name\":\"Ud\u00e1losti galerie\"}]},{\"@type\":\"WebSite\",\"@id\":\"https:\/\/bubahof.com\/#website\",\"url\":\"https:\/\/bubahof.com\/\",\"name\":\"Bubahof\",\"description\":\"\",\"potentialAction\":[{\"@type\":\"SearchAction\",\"target\":{\"@type\":\"EntryPoint\",\"urlTemplate\":\"https:\/\/bubahof.com\/?s={search_term_string}\"},\"query-input\":{\"@type\":\"PropertyValueSpecification\",\"valueRequired\":true,\"valueName\":\"search_term_string\"}}],\"inLanguage\":\"en-US\"}]}<\/script>\n<!-- \/ Yoast SEO Premium plugin. -->","yoast_head_json":{"title":"Ud\u00e1losti galerie - Bubahof","robots":{"index":"index","follow":"follow","max-snippet":"max-snippet:-1","max-image-preview":"max-image-preview:large","max-video-preview":"max-video-preview:-1"},"canonical":"https:\/\/bubahof.com\/en\/udalosti-galerie\/","og_locale":"en_US","og_type":"article","og_title":"Ud\u00e1losti galerie","og_description":"\u00davod Ambic\u00ed galerie je zp\u0159\u00edstupnit sou\u010dasn\u00e9 um\u011bn\u00ed \u0161ir\u0161\u00edmu publiku, stejn\u011b jako zaplnit pr\u00e1zdn\u00e9 m\u00edsto na galerijn\u00ed map\u011b a p\u0159izvat um\u011bleckou sc\u00e9nu do pra\u017esk\u00fdch Stra\u0161nic. Galerii najdete v Prostoru Olga na adrese Nad Primaskou 821\/1 a nav\u0161t\u00edvit ji m\u016f\u017eete ka\u017edou st\u0159edu a \u010dtvrtek od 15 do 19 hodin, nebo po p\u0159edchoz\u00ed domluv\u011b na telefonu +420 777 [&hellip;]","og_url":"https:\/\/bubahof.com\/en\/udalosti-galerie\/","og_site_name":"Bubahof","article_modified_time":"2025-10-17T09:41:01+00:00","og_image":[{"url":"https:\/\/bubahof.com\/wp-content\/uploads\/2025\/10\/Olga_PojdteDal_25_01_banner.jpg","type":"","width":"","height":""}],"twitter_card":"summary_large_image","twitter_misc":{"Est. reading time":"3 minutes"},"schema":{"@context":"https:\/\/schema.org","@graph":[{"@type":"WebPage","@id":"https:\/\/bubahof.com\/udalosti-galerie\/","url":"https:\/\/bubahof.com\/udalosti-galerie\/","name":"Ud\u00e1losti galerie - Bubahof","isPartOf":{"@id":"https:\/\/bubahof.com\/#website"},"primaryImageOfPage":{"@id":"https:\/\/bubahof.com\/udalosti-galerie\/#primaryimage"},"image":{"@id":"https:\/\/bubahof.com\/udalosti-galerie\/#primaryimage"},"thumbnailUrl":"https:\/\/bubahof.com\/wp-content\/uploads\/2025\/10\/Olga_PojdteDal_25_01_banner.jpg","datePublished":"2025-01-22T13:34:42+00:00","dateModified":"2025-10-17T09:41:01+00:00","breadcrumb":{"@id":"https:\/\/bubahof.com\/udalosti-galerie\/#breadcrumb"},"inLanguage":"en-US","potentialAction":[{"@type":"ReadAction","target":["https:\/\/bubahof.com\/udalosti-galerie\/"]}]},{"@type":"ImageObject","inLanguage":"en-US","@id":"https:\/\/bubahof.com\/udalosti-galerie\/#primaryimage","url":"https:\/\/bubahof.com\/wp-content\/uploads\/2025\/10\/Olga_PojdteDal_25_01_banner.jpg","contentUrl":"https:\/\/bubahof.com\/wp-content\/uploads\/2025\/10\/Olga_PojdteDal_25_01_banner.jpg"},{"@type":"BreadcrumbList","@id":"https:\/\/bubahof.com\/udalosti-galerie\/#breadcrumb","itemListElement":[{"@type":"ListItem","position":1,"name":"\u00davod","item":"https:\/\/bubahof.com\/"},{"@type":"ListItem","position":2,"name":"Ud\u00e1losti galerie"}]},{"@type":"WebSite","@id":"https:\/\/bubahof.com\/#website","url":"https:\/\/bubahof.com\/","name":"Bubahof","description":"","potentialAction":[{"@type":"SearchAction","target":{"@type":"EntryPoint","urlTemplate":"https:\/\/bubahof.com\/?s={search_term_string}"},"query-input":{"@type":"PropertyValueSpecification","valueRequired":true,"valueName":"search_term_string"}}],"inLanguage":"en-US"}]}},"_links":{"self":[{"href":"https:\/\/bubahof.com\/en\/wp-json\/wp\/v2\/pages\/1086","targetHints":{"allow":["GET"]}}],"collection":[{"href":"https:\/\/bubahof.com\/en\/wp-json\/wp\/v2\/pages"}],"about":[{"href":"https:\/\/bubahof.com\/en\/wp-json\/wp\/v2\/types\/page"}],"author":[{"embeddable":true,"href":"https:\/\/bubahof.com\/en\/wp-json\/wp\/v2\/users\/1"}],"replies":[{"embeddable":true,"href":"https:\/\/bubahof.com\/en\/wp-json\/wp\/v2\/comments?post=1086"}],"version-history":[{"count":16,"href":"https:\/\/bubahof.com\/en\/wp-json\/wp\/v2\/pages\/1086\/revisions"}],"predecessor-version":[{"id":1678,"href":"https:\/\/bubahof.com\/en\/wp-json\/wp\/v2\/pages\/1086\/revisions\/1678"}],"wp:attachment":[{"href":"https:\/\/bubahof.com\/en\/wp-json\/wp\/v2\/media?parent=1086"}],"curies":[{"name":"wp","href":"https:\/\/api.w.org\/{rel}","templated":true}]}}