{"id":803,"date":"2025-01-19T12:18:42","date_gmt":"2025-01-19T12:18:42","guid":{"rendered":"https:\/\/bubahof.com\/novy\/?page_id=803"},"modified":"2026-03-23T13:31:49","modified_gmt":"2026-03-23T12:31:49","slug":"hlavni-stranka","status":"publish","type":"page","link":"https:\/\/bubahof.com\/en\/","title":{"rendered":"BUBAHOF"},"content":{"rendered":"<div class=\"breakdance\"><section class=\"bde-section-803-100 bde-section\">\n  \n  \n\t\n\n\n\n<div class=\"section-container\"><div class=\"bde-columns-803-131 bde-columns\"><div class=\"bde-column-803-132 bde-column\">\n  \n  \n\t\n\n\n\n<div class=\"bde-text-803-101 bde-text\">\nThe Bubahof has emerged as an original community in which relationships that are not subject to hierarchies play an important role. It emphasises ecological behaviour not only towards nature but also towards each other. It addresses the cultural public, the art scene and its students, as well as the citizens of Strasnice, associations and institutions. It mediates and connects art, history, community, human rights, permaculture principles, visual culture, responsible economic forms and sustainability in a spirit of openness and respect, shared creativity and critical thinking. Bubahof follows the code of a feminist institution.\n<\/div>\n<\/div><div class=\"bde-column-803-133 bde-column\">\n  \n  \n\t\n\n\n\n\n<\/div><\/div><div class=\"bde-columns-803-124 bde-columns\"><div class=\"bde-column-803-125 bde-column\">\n  \n  \n\t\n\n\n\n<a class=\"bde-container-link-803-126 bde-container-link breakdance-link\" href=\"https:\/\/bubahof.com\/en\/udalost\/olga\/dokud-zvoni-louky\/\" target=\"_self\" data-type=\"url\">\n  \n  \n\t\n\n\n\n<img decoding=\"async\" class=\"bde-image2-803-136 bde-image2\" src=\"https:\/\/bubahof.com\/wp-content\/uploads\/2026\/03\/Olga_galerie_26_01_antonieAlex_banner.jpg\" loading=\"lazy\" srcset=\"https:\/\/bubahof.com\/wp-content\/uploads\/2026\/03\/Olga_galerie_26_01_antonieAlex_banner.jpg 800w, https:\/\/bubahof.com\/wp-content\/uploads\/2026\/03\/Olga_galerie_26_01_antonieAlex_banner-300x169.jpg 300w, https:\/\/bubahof.com\/wp-content\/uploads\/2026\/03\/Olga_galerie_26_01_antonieAlex_banner-768x432.jpg 768w, https:\/\/bubahof.com\/wp-content\/uploads\/2026\/03\/Olga_galerie_26_01_antonieAlex_banner-18x10.jpg 18w\" sizes=\"(max-width: 800px) 100vw, 800px\">\n\n<\/a>\n<\/div><div class=\"bde-column-803-128 bde-column\">\n  \n  \n\t\n\n\n\n\n<\/div><\/div><div class=\"bde-post-loop-803-102 bde-post-loop\">\n<div class=\"bde-loop bde-loop-grid ee-posts ee-posts-grid\">    <article class=\"bde-loop-item ee-post\">\n        <div class=\"breakdance\"><a class=\"bde-container-link-814-100-2517-814-1 bde-container-link bde-container-link-814-100 breakdance-link\" href=\"https:\/\/bubahof.com\/en\/udalost\/olga\/pripravy-na-vsechno-1\/\" target=\"_self\" data-type=\"url\">\n  \n  \n\t\n\n\n\n<img decoding=\"async\" class=\"bde-image2-814-101-2517-814-1 bde-image2 bde-image2-814-101\" src=\"https:\/\/bubahof.com\/wp-content\/uploads\/2026\/03\/FAMU_banner_01-2.jpg\" loading=\"lazy\" srcset=\"https:\/\/bubahof.com\/wp-content\/uploads\/2026\/03\/FAMU_banner_01-2.jpg 800w, https:\/\/bubahof.com\/wp-content\/uploads\/2026\/03\/FAMU_banner_01-2-300x158.jpg 300w, https:\/\/bubahof.com\/wp-content\/uploads\/2026\/03\/FAMU_banner_01-2-768x403.jpg 768w, https:\/\/bubahof.com\/wp-content\/uploads\/2026\/03\/FAMU_banner_01-2-18x9.jpg 18w\" sizes=\"(max-width: 800px) 100vw, 800px\"><h1 class=\"bde-heading-814-102-2517-814-1 bde-heading bde-heading-814-102\">\nP\u0158\u00cdPRAVY NA V\u0160ECHNO #1\n<\/h1><div class=\"bde-text-814-103-2517-814-1 bde-text bde-text-814-103\">\nSpace Olga\n<\/div><div class=\"bde-text-814-104-2517-814-1 bde-text bde-text-814-104\">\n9. dubna 2026\n<\/div>\n\n<\/a><\/div>    <\/article>\n    <article class=\"bde-loop-item ee-post\">\n        <div class=\"breakdance\"><a class=\"bde-container-link-814-100-2496-814-1 bde-container-link bde-container-link-814-100 breakdance-link\" href=\"https:\/\/bubahof.com\/en\/udalost\/olga\/otevrena-kniha-ctenarsky-klub-v-prostoru-olga-4\/\" target=\"_self\" data-type=\"url\">\n  \n  \n\t\n\n\n\n<img decoding=\"async\" class=\"bde-image2-814-101-2496-814-1 bde-image2 bde-image2-814-101\" src=\"https:\/\/bubahof.com\/wp-content\/uploads\/2025\/09\/Olga_knihovna_klub_banner.jpg\" loading=\"lazy\" srcset=\"https:\/\/bubahof.com\/wp-content\/uploads\/2025\/09\/Olga_knihovna_klub_banner.jpg 800w, https:\/\/bubahof.com\/wp-content\/uploads\/2025\/09\/Olga_knihovna_klub_banner-300x169.jpg 300w, https:\/\/bubahof.com\/wp-content\/uploads\/2025\/09\/Olga_knihovna_klub_banner-768x432.jpg 768w, https:\/\/bubahof.com\/wp-content\/uploads\/2025\/09\/Olga_knihovna_klub_banner-18x10.jpg 18w\" sizes=\"(max-width: 800px) 100vw, 800px\"><h1 class=\"bde-heading-814-102-2496-814-1 bde-heading bde-heading-814-102\">\nOpen book\n<\/h1><div class=\"bde-text-814-103-2496-814-1 bde-text bde-text-814-103\">\nSpace Olga\n<\/div><div class=\"bde-text-814-104-2496-814-1 bde-text bde-text-814-104\">\n13. dubna 2026\n<\/div>\n\n<\/a><\/div>    <\/article>\n<\/div>\n\n<\/div><div class=\"bde-columns-803-103 bde-columns\"><div class=\"bde-column-803-104 bde-column\">\n  \n  \n\t\n\n\n\n<a class=\"bde-container-link-803-107 bde-container-link breakdance-link\" href=\"\/en\/clanek\/chci-se-zapojit\/\" target=\"_self\" data-type=\"url\">\n  \n  \n\t\n\n\n\n<h4 class=\"bde-heading-803-108 bde-heading\">\nI want to get involved\n<\/h4>\n\n<\/a>\n<\/div><div class=\"bde-column-803-105 bde-column\">\n  \n  \n\t\n\n\n\n<div class=\"bde-text-803-106 bde-text\">\nWe are an open platform focused on socio-cultural activism, ecology and education. We create a platform for culture and art and their mediation and sharing in public space.\n<\/div>\n<\/div><\/div><\/div>\n<\/section><\/div>","protected":false},"excerpt":{"rendered":"<p>The Bubahof has emerged as an original community in which relationships that are not subject to hierarchies play an important role. It emphasises ecological behaviour not only towards nature but also towards each other. It addresses the cultural public, the art scene and its students, as well as the citizens of Strasnice, associations and institutions. It mediates and connects art, history, community, human rights, permaculture principles, visual culture, responsible economic [...]<\/p>","protected":false},"author":1,"featured_media":0,"parent":0,"menu_order":0,"comment_status":"closed","ping_status":"closed","template":"","meta":{"_acf_changed":false,"_breakdance_hide_in_design_set":false,"_breakdance_tags":"","footnotes":""},"class_list":["post-803","page","type-page","status-publish","hentry"],"acf":[],"yoast_head":"<!-- This site is optimized with the Yoast SEO Premium plugin v26.5 (Yoast SEO v26.6) - https:\/\/yoast.com\/wordpress\/plugins\/seo\/ -->\n<title>BUBAHOF<\/title>\n<meta name=\"robots\" content=\"index, follow, max-snippet:-1, max-image-preview:large, max-video-preview:-1\" \/>\n<link rel=\"canonical\" href=\"https:\/\/bubahof.com\/en\/\" \/>\n<meta property=\"og:locale\" content=\"en_US\" \/>\n<meta property=\"og:type\" content=\"article\" \/>\n<meta property=\"og:title\" content=\"BUBAHOF\" \/>\n<meta property=\"og:description\" content=\"Bubahof vznikl jako origin\u00e1ln\u00ed spole\u010denstv\u00ed, v n\u011bm\u017e d\u016fle\u017eitou roli hraj\u00ed vztahy nepodl\u00e9haj\u00edc\u00ed hierarchi\u00edm. Klade d\u016fraz na ekologii chov\u00e1n\u00ed nejen v\u016f\u010di p\u0159\u00edrod\u011b, ale i v\u016f\u010di sob\u011b navz\u00e1jem. Oslovuje kulturn\u00ed ve\u0159ejnost, um\u011bleckou sc\u00e9nu a jej\u00ed studenty, stejn\u011b jako ob\u010dany Stra\u0161nic, spolky a instituce. Zprost\u0159edkov\u00e1v\u00e1 a propojuje um\u011bn\u00ed, historii, komunitu, lidsk\u00e1 pr\u00e1va, permakulturn\u00ed principy, vizu\u00e1ln\u00ed kulturu, odpov\u011bdn\u00e9 ekonomick\u00e9 [&hellip;]\" \/>\n<meta property=\"og:url\" content=\"https:\/\/bubahof.com\/en\/\" \/>\n<meta property=\"og:site_name\" content=\"Bubahof\" \/>\n<meta property=\"article:modified_time\" content=\"2026-03-23T12:31:49+00:00\" \/>\n<meta name=\"twitter:card\" content=\"summary_large_image\" \/>\n<meta name=\"twitter:label1\" content=\"Est. reading time\" \/>\n\t<meta name=\"twitter:data1\" content=\"2 minutes\" \/>\n<script type=\"application\/ld+json\" class=\"yoast-schema-graph\">{\"@context\":\"https:\/\/schema.org\",\"@graph\":[{\"@type\":\"WebPage\",\"@id\":\"https:\/\/bubahof.com\/\",\"url\":\"https:\/\/bubahof.com\/\",\"name\":\"BUBAHOF\",\"isPartOf\":{\"@id\":\"https:\/\/bubahof.com\/#website\"},\"datePublished\":\"2025-01-19T12:18:42+00:00\",\"dateModified\":\"2026-03-23T12:31:49+00:00\",\"breadcrumb\":{\"@id\":\"https:\/\/bubahof.com\/#breadcrumb\"},\"inLanguage\":\"en-US\",\"potentialAction\":[{\"@type\":\"ReadAction\",\"target\":[\"https:\/\/bubahof.com\/\"]}]},{\"@type\":\"BreadcrumbList\",\"@id\":\"https:\/\/bubahof.com\/#breadcrumb\",\"itemListElement\":[{\"@type\":\"ListItem\",\"position\":1,\"name\":\"\u00davod\",\"item\":\"https:\/\/bubahof.com\/\"},{\"@type\":\"ListItem\",\"position\":2,\"name\":\"BUBAHOF\"}]},{\"@type\":\"WebSite\",\"@id\":\"https:\/\/bubahof.com\/#website\",\"url\":\"https:\/\/bubahof.com\/\",\"name\":\"Bubahof\",\"description\":\"\",\"potentialAction\":[{\"@type\":\"SearchAction\",\"target\":{\"@type\":\"EntryPoint\",\"urlTemplate\":\"https:\/\/bubahof.com\/?s={search_term_string}\"},\"query-input\":{\"@type\":\"PropertyValueSpecification\",\"valueRequired\":true,\"valueName\":\"search_term_string\"}}],\"inLanguage\":\"en-US\"}]}<\/script>\n<!-- \/ Yoast SEO Premium plugin. -->","yoast_head_json":{"title":"BUBAHOF","robots":{"index":"index","follow":"follow","max-snippet":"max-snippet:-1","max-image-preview":"max-image-preview:large","max-video-preview":"max-video-preview:-1"},"canonical":"https:\/\/bubahof.com\/en\/","og_locale":"en_US","og_type":"article","og_title":"BUBAHOF","og_description":"Bubahof vznikl jako origin\u00e1ln\u00ed spole\u010denstv\u00ed, v n\u011bm\u017e d\u016fle\u017eitou roli hraj\u00ed vztahy nepodl\u00e9haj\u00edc\u00ed hierarchi\u00edm. Klade d\u016fraz na ekologii chov\u00e1n\u00ed nejen v\u016f\u010di p\u0159\u00edrod\u011b, ale i v\u016f\u010di sob\u011b navz\u00e1jem. Oslovuje kulturn\u00ed ve\u0159ejnost, um\u011bleckou sc\u00e9nu a jej\u00ed studenty, stejn\u011b jako ob\u010dany Stra\u0161nic, spolky a instituce. Zprost\u0159edkov\u00e1v\u00e1 a propojuje um\u011bn\u00ed, historii, komunitu, lidsk\u00e1 pr\u00e1va, permakulturn\u00ed principy, vizu\u00e1ln\u00ed kulturu, odpov\u011bdn\u00e9 ekonomick\u00e9 [&hellip;]","og_url":"https:\/\/bubahof.com\/en\/","og_site_name":"Bubahof","article_modified_time":"2026-03-23T12:31:49+00:00","twitter_card":"summary_large_image","twitter_misc":{"Est. reading time":"2 minutes"},"schema":{"@context":"https:\/\/schema.org","@graph":[{"@type":"WebPage","@id":"https:\/\/bubahof.com\/","url":"https:\/\/bubahof.com\/","name":"BUBAHOF","isPartOf":{"@id":"https:\/\/bubahof.com\/#website"},"datePublished":"2025-01-19T12:18:42+00:00","dateModified":"2026-03-23T12:31:49+00:00","breadcrumb":{"@id":"https:\/\/bubahof.com\/#breadcrumb"},"inLanguage":"en-US","potentialAction":[{"@type":"ReadAction","target":["https:\/\/bubahof.com\/"]}]},{"@type":"BreadcrumbList","@id":"https:\/\/bubahof.com\/#breadcrumb","itemListElement":[{"@type":"ListItem","position":1,"name":"\u00davod","item":"https:\/\/bubahof.com\/"},{"@type":"ListItem","position":2,"name":"BUBAHOF"}]},{"@type":"WebSite","@id":"https:\/\/bubahof.com\/#website","url":"https:\/\/bubahof.com\/","name":"Bubahof","description":"","potentialAction":[{"@type":"SearchAction","target":{"@type":"EntryPoint","urlTemplate":"https:\/\/bubahof.com\/?s={search_term_string}"},"query-input":{"@type":"PropertyValueSpecification","valueRequired":true,"valueName":"search_term_string"}}],"inLanguage":"en-US"}]}},"_links":{"self":[{"href":"https:\/\/bubahof.com\/en\/wp-json\/wp\/v2\/pages\/803","targetHints":{"allow":["GET"]}}],"collection":[{"href":"https:\/\/bubahof.com\/en\/wp-json\/wp\/v2\/pages"}],"about":[{"href":"https:\/\/bubahof.com\/en\/wp-json\/wp\/v2\/types\/page"}],"author":[{"embeddable":true,"href":"https:\/\/bubahof.com\/en\/wp-json\/wp\/v2\/users\/1"}],"replies":[{"embeddable":true,"href":"https:\/\/bubahof.com\/en\/wp-json\/wp\/v2\/comments?post=803"}],"version-history":[{"count":41,"href":"https:\/\/bubahof.com\/en\/wp-json\/wp\/v2\/pages\/803\/revisions"}],"predecessor-version":[{"id":2516,"href":"https:\/\/bubahof.com\/en\/wp-json\/wp\/v2\/pages\/803\/revisions\/2516"}],"wp:attachment":[{"href":"https:\/\/bubahof.com\/en\/wp-json\/wp\/v2\/media?parent=803"}],"curies":[{"name":"wp","href":"https:\/\/api.w.org\/{rel}","templated":true}]}}