{"id":857,"date":"2025-01-19T19:57:15","date_gmt":"2025-01-19T19:57:15","guid":{"rendered":"https:\/\/bubahof.com\/novy\/?page_id=857"},"modified":"2026-01-14T12:10:22","modified_gmt":"2026-01-14T11:10:22","slug":"kontakt","status":"publish","type":"page","link":"https:\/\/bubahof.com\/en\/kontakt\/","title":{"rendered":"Contact"},"content":{"rendered":"<div class=\"breakdance\"><section id=\"o-nas\" class=\"bde-section-857-100 bde-section\">\n  \n  \n\t\n\n\n\n<div class=\"section-container\"><div class=\"bde-breadcrumbs-857-104 bde-breadcrumbs\">\n<span><span><a href=\"https:\/\/bubahof.com\/en\/\">Home<\/a><\/span><\/span>\n<\/div><div class=\"bde-div-857-101 bde-div\">\n  \n  \n\t\n\n\n\n<h3 class=\"bde-heading-857-102 bde-heading\">\nAbout us\n<\/h3><div class=\"bde-text-857-103 bde-text\">\nWe are an open platform focused on socio-cultural activism, ecology and education. We create a platform for art and its mediation and sharing in public space. Our activities are permeated by a desire to shape culture in the full sense of the word (from the Latin cultura: \"that which needs to be nurtured, cared for\"), manifested through care for the community and the environment. Our activities are an example of an original and self-help civic initiative in a specific locality, with an emphasis on local history, art and social issues.<br><br>Committee of the Association: Dita Lama\u010dov\u00e1, Veronika Holcov\u00e1, Patricia Talacko<br>Membership: Olga S\u0142owik, Petra Hudcov\u00e1, Iva Nuskov\u00e1, Lucie Soukupov\u00e1\n<\/div>\n<\/div><\/div>\n<\/section><section id=\"kontakt\" class=\"bde-section-857-105 bde-section\">\n  \n  \n\t\n\n\n\n<div class=\"section-container\"><div class=\"bde-div-857-107 bde-div\">\n  \n  \n\t\n\n\n\n<h3 class=\"bde-heading-857-108 bde-heading\">\nContact\n<\/h3><div class=\"bde-columns-857-110 bde-columns\"><div class=\"bde-column-857-111 bde-column\">\n  \n  \n\t\n\n\n\n<h4 class=\"bde-heading-857-114 bde-heading\">\nbubahof z.s.\n<\/h4><div class=\"bde-text-857-109 bde-text\">\nBehind the Post Office 754\/8<br>100 00 Prague 10 - Stra\u0161nice<br>ID: 06368441\n<\/div><div class=\"bde-text-857-116 bde-text\">\nbubahof@bubahof.com\n<\/div><div class=\"bde-text-857-117 bde-text\">\n+420 777 557 828\n<\/div><div class=\"bde-google-map-857-118 bde-google-map\">\n\r\n<iframe width=\"100%\" height=\"100%\" style=\"border:0\" loading=\"lazy\" title=\"Bubahof z.s.\" src=\"https:\/\/maps.google.com\/maps?q=Za+Po%C5%A1tou+754%2F8%2C%3Cbr%3E100+00+Praha+10&amp;t=m&amp;z=14&amp;output=embed&amp;iwloc=near\" allowfullscreen><\/iframe>\n\n<\/div><div class=\"bde-badge-857-131 bde-badge\">\n<span>bubahof z.s.<\/span>\n<\/div>\n<\/div><div class=\"bde-column-857-119 bde-column\">\n  \n  \n\t\n\n\n\n<div class=\"bde-div-857-125 bde-div\">\n  \n  \n\t\n\n\n\n<h4 class=\"bde-heading-857-120 bde-heading\">\nSpace Olga\n<\/h4><div class=\"bde-text-857-121 bde-text\">\nNad Primaskou 821\/1<br>100 00 Prague 10 - Stra\u0161nice\n<\/div>\n<\/div><div class=\"bde-google-map-857-124 bde-google-map\">\n\r\n<iframe width=\"100%\" height=\"100%\" style=\"border:0\" loading=\"lazy\" title=\"OLGA space and gallery\" src=\"https:\/\/maps.google.com\/maps?q=Nad+Primaskou+821%2F1%2C%3Cbr%3E100+00+Praha+10+%E2%80%93+Stra%C5%A1nice&amp;t=m&amp;z=14&amp;output=embed&amp;iwloc=near\" allowfullscreen><\/iframe>\n\n<\/div><div class=\"bde-badge-857-132 bde-badge\">\n<span>Olga space and gallery<\/span>\n<\/div>\n<\/div><div class=\"bde-column-857-126 bde-column\">\n  \n  \n\t\n\n\n\n<div class=\"bde-div-857-127 bde-div\">\n  \n  \n\t\n\n\n\n<h4 class=\"bde-heading-857-128 bde-heading\">\nPark Fr. Such\u00fd\n<\/h4><div class=\"bde-text-857-129 bde-text\">\nNad Ol\u0161inami 282\/31<br>100 00 Prague 10 - Stra\u0161nice\n<\/div>\n<\/div><div class=\"bde-google-map-857-130 bde-google-map\">\n\r\n<iframe width=\"100%\" height=\"100%\" style=\"border:0\" loading=\"lazy\" title=\"Park Fr. Such\u00fd\" src=\"https:\/\/maps.google.com\/maps?q=Nad+Ol%C5%A1inami+282%2F31%2C%3Cbr%3E100+00+Praha+10+%E2%80%93+Stra%C5%A1nice&amp;t=m&amp;z=14&amp;output=embed&amp;iwloc=near\" allowfullscreen><\/iframe>\n\n<\/div><div class=\"bde-badge-857-133 bde-badge\">\n<span>Franti\u0161ek Such\u00fd Park<\/span>\n<\/div>\n<\/div><\/div>\n<\/div><\/div>\n<\/section><section id=\"podpora-a-spoluprace\" class=\"bde-section-857-134 bde-section\">\n  \n  \n\t\n\n\n\n<div class=\"section-container\"><div class=\"bde-div-857-136 bde-div\">\n  \n  \n\t\n\n\n\n<h3 class=\"bde-heading-857-137 bde-heading\">\nSupport and cooperation\n<\/h3><div class=\"bde-columns-857-145 bde-columns\"><div class=\"bde-column-857-149 bde-column\">\n  \n  \n\t\n\n\n\n<div class=\"bde-text-857-150 bde-text\">\nGet involved in the local scene and participate with us in the sustainable development of the place, in the spirit of the meaning of the word \"cultura\" as an expression of care, nurturing and cultivation.<br><br>Thank you to all partners, collaborators and supporters.\n<\/div>\n<\/div><div class=\"bde-column-857-146 bde-column\">\n  \n  \n\t\n\n\n\n<a class=\"bde-container-link-857-147 bde-container-link breakdance-link\" href=\"\/en\/clanek\/chci-se-zapojit\/\" target=\"_self\" data-type=\"url\">\n  \n  \n\t\n\n\n\n<h4 class=\"bde-heading-857-148 bde-heading\">\nI want to get involved\n<\/h4>\n\n<\/a>\n<\/div><\/div><div class=\"bde-logo-list-857-139 bde-logo-list gradient-overlay__both un-static-image-grid\">\n\n                            \n            \n            \n\n    \n    \n    \n    \n    \n    <a class=\"breakdance-link un-logo-bar__logo-wrapper\" href=\"https:\/\/praha10.cz\/\" target=\"_blank\" data-type=\"url\" rel=\"noopener noreferrer\">\n\n        \t<img loading=\"lazy\" decoding=\"async\" class=\"breakdance-image-object\" src=\"https:\/\/bubahof.com\/wp-content\/uploads\/2025\/01\/MCP.jpg\" width=\"188\" height=\"108\" sizes=\"auto, (max-width: 188px) 100vw, 188px\">\n     \t    <\/a>\n\n                                  \n            \n            \n\n    \n    \n    \n    \n    \n    <a class=\"breakdance-link un-logo-bar__logo-wrapper\" href=\"https:\/\/www.nadacevia.cz\/\" target=\"_blank\" data-type=\"url\" rel=\"noopener noreferrer\">\n\n        \t<img loading=\"lazy\" decoding=\"async\" class=\"breakdance-image-object\" src=\"https:\/\/bubahof.com\/wp-content\/uploads\/2025\/01\/Via.jpg\" width=\"188\" height=\"108\" sizes=\"auto, (max-width: 188px) 100vw, 188px\">\n     \t    <\/a>\n\n                                  \n            \n            \n\n    \n    \n    \n    \n    \n    <a class=\"breakdance-link un-logo-bar__logo-wrapper\" href=\"https:\/\/www.praha.eu\/jnp\/\" target=\"_blank\" data-type=\"url\" rel=\"noopener noreferrer\">\n\n        \t<img loading=\"lazy\" decoding=\"async\" class=\"breakdance-image-object\" src=\"https:\/\/bubahof.com\/wp-content\/uploads\/2025\/01\/Praha_logo.jpg\" width=\"108\" height=\"108\" sizes=\"auto, (max-width: 108px) 100vw, 108px\">\n     \t    <\/a>\n\n                                  \n            \n            \n\n    \n    \n    \n    \n    \n    <a class=\"breakdance-link un-logo-bar__logo-wrapper\" href=\"https:\/\/www.mkcr.cz\/\" target=\"_blank\" data-type=\"url\" rel=\"noopener noreferrer\">\n\n        \t<img loading=\"lazy\" decoding=\"async\" class=\"breakdance-image-object\" src=\"https:\/\/bubahof.com\/wp-content\/uploads\/2025\/01\/MKCR.jpg\" width=\"188\" height=\"108\" sizes=\"auto, (max-width: 188px) 100vw, 188px\">\n     \t    <\/a>\n\n                                  \n            \n            \n\n    \n    \n    \n    \n    \n    <a class=\"breakdance-link un-logo-bar__logo-wrapper\" href=\"https:\/\/www.mlp.cz\/cz\/\" target=\"_blank\" data-type=\"url\" rel=\"noopener noreferrer\">\n\n        \t<img loading=\"lazy\" decoding=\"async\" class=\"breakdance-image-object\" src=\"https:\/\/bubahof.com\/wp-content\/uploads\/2025\/01\/MKP.jpg\" width=\"188\" height=\"108\" sizes=\"auto, (max-width: 188px) 100vw, 188px\">\n     \t    <\/a>\n\n                                  \n            \n            \n\n    \n    \n    \n    \n    \n    <a class=\"breakdance-link un-logo-bar__logo-wrapper\" href=\"https:\/\/www.pametnaroda.cz\/cs\" target=\"_blank\" data-type=\"url\" rel=\"noopener noreferrer\">\n\n        \t<img loading=\"lazy\" decoding=\"async\" class=\"breakdance-image-object\" src=\"https:\/\/bubahof.com\/wp-content\/uploads\/2025\/01\/PN_logo.jpg\" width=\"108\" height=\"108\" sizes=\"auto, (max-width: 108px) 100vw, 108px\">\n     \t    <\/a>\n\n                                  \n            \n            \n\n    \n    \n    \n    \n    \n    <a class=\"breakdance-link un-logo-bar__logo-wrapper\" href=\"http:\/\/are-events.org\/\" target=\"_blank\" data-type=\"url\" rel=\"noopener noreferrer\">\n\n        \t<img loading=\"lazy\" decoding=\"async\" class=\"breakdance-image-object\" src=\"https:\/\/bubahof.com\/wp-content\/uploads\/2025\/01\/ARE.jpg\" width=\"188\" height=\"108\" sizes=\"auto, (max-width: 188px) 100vw, 188px\">\n     \t    <\/a>\n\n                                  \n            \n            \n\n    \n    \n    \n    \n    \n    <a class=\"breakdance-link un-logo-bar__logo-wrapper\" href=\"https:\/\/www.sidlistesolidarita.cz\/\" target=\"_blank\" data-type=\"url\" rel=\"noopener noreferrer\">\n\n        \t<img loading=\"lazy\" decoding=\"async\" class=\"breakdance-image-object\" src=\"https:\/\/bubahof.com\/wp-content\/uploads\/2025\/01\/Solidarita.jpg\" width=\"188\" height=\"108\" sizes=\"auto, (max-width: 188px) 100vw, 188px\">\n     \t    <\/a>\n\n                                  \n            \n            \n\n    \n    \n    \n    \n    \n    <a class=\"breakdance-link un-logo-bar__logo-wrapper\" href=\"https:\/\/www.kinoatlaspraha.cz\/\" target=\"_blank\" data-type=\"url\" rel=\"noopener noreferrer\">\n\n        \t<img loading=\"lazy\" decoding=\"async\" class=\"breakdance-image-object\" src=\"https:\/\/bubahof.com\/wp-content\/uploads\/2025\/05\/KinoAtlas.jpg\" width=\"188\" height=\"108\" sizes=\"auto, (max-width: 188px) 100vw, 188px\">\n     \t    <\/a>\n\n                                  \n            \n            \n\n    \n    \n    \n    \n    \n    <a class=\"breakdance-link un-logo-bar__logo-wrapper\" href=\"https:\/\/rytmus.org\/\" target=\"_blank\" data-type=\"url\" rel=\"noopener noreferrer\">\n\n        \t<img loading=\"lazy\" decoding=\"async\" class=\"breakdance-image-object\" src=\"https:\/\/bubahof.com\/wp-content\/uploads\/2025\/01\/Rytmus.jpg\" width=\"188\" height=\"108\" sizes=\"auto, (max-width: 188px) 100vw, 188px\">\n     \t    <\/a>\n\n                                  \n            \n            \n\n    \n    \n    \n    \n    \n    <a class=\"breakdance-link un-logo-bar__logo-wrapper\" href=\"https:\/\/reuse.artmap.cz\/\" target=\"_blank\" data-type=\"url\" rel=\"noopener noreferrer\">\n\n        \t<img loading=\"lazy\" decoding=\"async\" class=\"breakdance-image-object\" src=\"https:\/\/bubahof.com\/wp-content\/uploads\/2025\/01\/art_re_use.jpg\" width=\"188\" height=\"108\" sizes=\"auto, (max-width: 188px) 100vw, 188px\">\n     \t    <\/a>\n\n                                  \n            \n            \n\n    \n    \n    \n    \n    \n    <a class=\"breakdance-link un-logo-bar__logo-wrapper\" href=\"https:\/\/naturfyt.bio\/\" target=\"_blank\" data-type=\"url\" rel=\"noopener noreferrer\">\n\n        \t<img loading=\"lazy\" decoding=\"async\" class=\"breakdance-image-object\" src=\"https:\/\/bubahof.com\/wp-content\/uploads\/2025\/12\/NaturfytBio_logo.jpg\" width=\"188\" height=\"108\" srcset=\"https:\/\/bubahof.com\/wp-content\/uploads\/2025\/12\/NaturfytBio_logo.jpg 188w, https:\/\/bubahof.com\/wp-content\/uploads\/2025\/12\/NaturfytBio_logo-18x10.jpg 18w\" sizes=\"auto, (max-width: 188px) 100vw, 188px\">\n     \t    <\/a>\n\n                <\/div>\n<\/div><div class=\"bde-globalblock-857-144 bde-globalblock\">\n<div class=\"breakdance\"><div class=\"bde-div-1434-100-1434-1 bde-div bde-div-1434-100\">\n  \n  \n\t\n\n\n\n<h3 class=\"bde-heading-1434-101-1434-1 bde-heading bde-heading-1434-101\">\nI am interested in receiving news by email<br>\n<\/h3><div class=\"bde-form-builder-1434-102-1434-1 bde-form-builder bde-form-builder-1434-102\">\n\n\n<form id=\"sber-emailu102\" class=\"breakdance-form breakdance-form--horizontal\" data-options='{\"slug\":\"custom\",\"name\":\"Sb\\u011br email\\u016f\",\"ajaxUrl\":\"https:\\\/\\\/bubahof.com\\\/wp-admin\\\/admin-ajax.php\",\"clearOnSuccess\":true,\"hideOnSuccess\":false,\"successMessage\":\"D\\u011bkujeme, V\\u00e1\\u0161 email byl zaevidov\\u00e1n.\",\"errorMessage\":\"Something went wrong\",\"redirect\":false,\"redirectUrl\":\"\",\"customJavaScript\":\"\",\"recaptcha\":{\"key\":\"\",\"enabled\":false},\"honeypot_enabled\":false,\"popupsOnSuccess\":[],\"popupsOnError\":[]}' data-steps=\"0\" action=\"\">\n  \n  \n  \n<div class=\"breakdance-form-field breakdance-form-field--email breakdance-form-field__hide-label\">\n    \n    \n            <label class=\"breakdance-form-field__label\" for=\"email\">\n            Email<span class=\"breakdance-form-field__required\">*<\/span>\n        <\/label>\n    \n    <input class=\"breakdance-form-field__input\" id=\"email\" aria-describedby=\"email\" type=\"email\" name=\"fields[email]\" placeholder=\"Fill in your e-mail address\" value=\"\" required>\n\n\n    \n    \n<\/div>\n\n\n  \n\n<div class=\"breakdance-form-field breakdance-form-footer\">\n    \n    \n                                    \n    \n    \n    \n    \n            \n            <button type=\"submit\" class=\"button-atom button-atom--primary breakdance-form-button breakdance-form-button__submit\">\n    \n        <span class=\"button-atom__text\">Subscribe<\/span>\n\n        \n        \n            <\/button>\n    \n    <input type=\"hidden\" name=\"form_id\" value=\"102\">\n    <input type=\"hidden\" name=\"post_id\" value=\"1434\">\n<\/div>\n\n  \n<input type=\"hidden\" name=\"trp-form-language\" value=\"en\"\/><\/form>\n\n\n\n<\/div><div class=\"bde-rich-text-1434-103-1434-1 bde-rich-text bde-rich-text-1434-103 breakdance-rich-text-styles\">\n<p>By subscribing, I give my consent to bubahof, z. s. to process my personal data. <a href=\"https:\/\/bubahof.com\/en\/clanek\/souhlas-se-zpracovanim-osobnich-udaju\/\">Read more.<\/a><\/p>\n<\/div>\n<\/div><\/div>\n<\/div><\/div>\n<\/section><\/div>","protected":false},"excerpt":{"rendered":"<p>Home About us We are an open platform focused on socio-cultural activism, ecology and education. We create a platform for art and its mediation and sharing in public space. Our activities are permeated by a desire to shape culture in the full sense of the word (from the Latin cultura: \"that which needs to be cultivated, cared for, nurtured\"), which is manifested in the care of community and life [...]<\/p>","protected":false},"author":1,"featured_media":0,"parent":0,"menu_order":0,"comment_status":"closed","ping_status":"closed","template":"","meta":{"_acf_changed":false,"_breakdance_hide_in_design_set":false,"_breakdance_tags":"","footnotes":""},"class_list":["post-857","page","type-page","status-publish","hentry"],"acf":[],"yoast_head":"<!-- This site is optimized with the Yoast SEO Premium plugin v26.5 (Yoast SEO v26.6) - https:\/\/yoast.com\/wordpress\/plugins\/seo\/ -->\n<title>Kontakt - Bubahof<\/title>\n<meta name=\"robots\" content=\"index, follow, max-snippet:-1, max-image-preview:large, max-video-preview:-1\" \/>\n<link rel=\"canonical\" href=\"https:\/\/bubahof.com\/en\/kontakt\/\" \/>\n<meta property=\"og:locale\" content=\"en_US\" \/>\n<meta property=\"og:type\" content=\"article\" \/>\n<meta property=\"og:title\" content=\"Kontakt\" \/>\n<meta property=\"og:description\" content=\"\u00davod O n\u00e1s Jsme otev\u0159enou platformou zam\u011b\u0159enou na soci\u00e1ln\u011b-kulturn\u00ed aktivismus, ekologii a vzd\u011bl\u00e1v\u00e1n\u00ed. Tvo\u0159\u00edme z\u00e1zem\u00ed pro um\u011bn\u00ed a jeho zprost\u0159edkov\u00e1n\u00ed a sd\u00edlen\u00ed ve ve\u0159ejn\u00e9m prostoru. Na\u0161e aktivity prostupuje snaha o utv\u00e1\u0159en\u00ed kultury v pln\u00e9m slova smyslu (z latinsk\u00e9ho cultura: \u201eto, co je t\u0159eba p\u011bstovat, starat se, pe\u010dovat\u201d), kter\u00e1 se projevuje p\u00e9\u010d\u00ed o komunitu a \u017eivotn\u00ed [&hellip;]\" \/>\n<meta property=\"og:url\" content=\"https:\/\/bubahof.com\/en\/kontakt\/\" \/>\n<meta property=\"og:site_name\" content=\"Bubahof\" \/>\n<meta property=\"article:modified_time\" content=\"2026-01-14T11:10:22+00:00\" \/>\n<meta name=\"twitter:card\" content=\"summary_large_image\" \/>\n<meta name=\"twitter:label1\" content=\"Est. reading time\" \/>\n\t<meta name=\"twitter:data1\" content=\"4 minutes\" \/>\n<script type=\"application\/ld+json\" class=\"yoast-schema-graph\">{\"@context\":\"https:\/\/schema.org\",\"@graph\":[{\"@type\":\"WebPage\",\"@id\":\"https:\/\/bubahof.com\/kontakt\/\",\"url\":\"https:\/\/bubahof.com\/kontakt\/\",\"name\":\"Kontakt - Bubahof\",\"isPartOf\":{\"@id\":\"https:\/\/bubahof.com\/#website\"},\"datePublished\":\"2025-01-19T19:57:15+00:00\",\"dateModified\":\"2026-01-14T11:10:22+00:00\",\"breadcrumb\":{\"@id\":\"https:\/\/bubahof.com\/kontakt\/#breadcrumb\"},\"inLanguage\":\"en-US\",\"potentialAction\":[{\"@type\":\"ReadAction\",\"target\":[\"https:\/\/bubahof.com\/kontakt\/\"]}]},{\"@type\":\"BreadcrumbList\",\"@id\":\"https:\/\/bubahof.com\/kontakt\/#breadcrumb\",\"itemListElement\":[{\"@type\":\"ListItem\",\"position\":1,\"name\":\"\u00davod\",\"item\":\"https:\/\/bubahof.com\/\"},{\"@type\":\"ListItem\",\"position\":2,\"name\":\"Kontakt\"}]},{\"@type\":\"WebSite\",\"@id\":\"https:\/\/bubahof.com\/#website\",\"url\":\"https:\/\/bubahof.com\/\",\"name\":\"Bubahof\",\"description\":\"\",\"potentialAction\":[{\"@type\":\"SearchAction\",\"target\":{\"@type\":\"EntryPoint\",\"urlTemplate\":\"https:\/\/bubahof.com\/?s={search_term_string}\"},\"query-input\":{\"@type\":\"PropertyValueSpecification\",\"valueRequired\":true,\"valueName\":\"search_term_string\"}}],\"inLanguage\":\"en-US\"}]}<\/script>\n<!-- \/ Yoast SEO Premium plugin. -->","yoast_head_json":{"title":"Kontakt - Bubahof","robots":{"index":"index","follow":"follow","max-snippet":"max-snippet:-1","max-image-preview":"max-image-preview:large","max-video-preview":"max-video-preview:-1"},"canonical":"https:\/\/bubahof.com\/en\/kontakt\/","og_locale":"en_US","og_type":"article","og_title":"Kontakt","og_description":"\u00davod O n\u00e1s Jsme otev\u0159enou platformou zam\u011b\u0159enou na soci\u00e1ln\u011b-kulturn\u00ed aktivismus, ekologii a vzd\u011bl\u00e1v\u00e1n\u00ed. Tvo\u0159\u00edme z\u00e1zem\u00ed pro um\u011bn\u00ed a jeho zprost\u0159edkov\u00e1n\u00ed a sd\u00edlen\u00ed ve ve\u0159ejn\u00e9m prostoru. Na\u0161e aktivity prostupuje snaha o utv\u00e1\u0159en\u00ed kultury v pln\u00e9m slova smyslu (z latinsk\u00e9ho cultura: \u201eto, co je t\u0159eba p\u011bstovat, starat se, pe\u010dovat\u201d), kter\u00e1 se projevuje p\u00e9\u010d\u00ed o komunitu a \u017eivotn\u00ed [&hellip;]","og_url":"https:\/\/bubahof.com\/en\/kontakt\/","og_site_name":"Bubahof","article_modified_time":"2026-01-14T11:10:22+00:00","twitter_card":"summary_large_image","twitter_misc":{"Est. reading time":"4 minutes"},"schema":{"@context":"https:\/\/schema.org","@graph":[{"@type":"WebPage","@id":"https:\/\/bubahof.com\/kontakt\/","url":"https:\/\/bubahof.com\/kontakt\/","name":"Kontakt - Bubahof","isPartOf":{"@id":"https:\/\/bubahof.com\/#website"},"datePublished":"2025-01-19T19:57:15+00:00","dateModified":"2026-01-14T11:10:22+00:00","breadcrumb":{"@id":"https:\/\/bubahof.com\/kontakt\/#breadcrumb"},"inLanguage":"en-US","potentialAction":[{"@type":"ReadAction","target":["https:\/\/bubahof.com\/kontakt\/"]}]},{"@type":"BreadcrumbList","@id":"https:\/\/bubahof.com\/kontakt\/#breadcrumb","itemListElement":[{"@type":"ListItem","position":1,"name":"\u00davod","item":"https:\/\/bubahof.com\/"},{"@type":"ListItem","position":2,"name":"Kontakt"}]},{"@type":"WebSite","@id":"https:\/\/bubahof.com\/#website","url":"https:\/\/bubahof.com\/","name":"Bubahof","description":"","potentialAction":[{"@type":"SearchAction","target":{"@type":"EntryPoint","urlTemplate":"https:\/\/bubahof.com\/?s={search_term_string}"},"query-input":{"@type":"PropertyValueSpecification","valueRequired":true,"valueName":"search_term_string"}}],"inLanguage":"en-US"}]}},"_links":{"self":[{"href":"https:\/\/bubahof.com\/en\/wp-json\/wp\/v2\/pages\/857","targetHints":{"allow":["GET"]}}],"collection":[{"href":"https:\/\/bubahof.com\/en\/wp-json\/wp\/v2\/pages"}],"about":[{"href":"https:\/\/bubahof.com\/en\/wp-json\/wp\/v2\/types\/page"}],"author":[{"embeddable":true,"href":"https:\/\/bubahof.com\/en\/wp-json\/wp\/v2\/users\/1"}],"replies":[{"embeddable":true,"href":"https:\/\/bubahof.com\/en\/wp-json\/wp\/v2\/comments?post=857"}],"version-history":[{"count":22,"href":"https:\/\/bubahof.com\/en\/wp-json\/wp\/v2\/pages\/857\/revisions"}],"predecessor-version":[{"id":2449,"href":"https:\/\/bubahof.com\/en\/wp-json\/wp\/v2\/pages\/857\/revisions\/2449"}],"wp:attachment":[{"href":"https:\/\/bubahof.com\/en\/wp-json\/wp\/v2\/media?parent=857"}],"curies":[{"name":"wp","href":"https:\/\/api.w.org\/{rel}","templated":true}]}}