{"id":960,"date":"2025-01-21T13:20:33","date_gmt":"2025-01-21T13:20:33","guid":{"rendered":"https:\/\/bubahof.com\/novy\/?page_id=960"},"modified":"2025-12-18T14:04:00","modified_gmt":"2025-12-18T13:04:00","slug":"hledame-pribehy-parku-frantiska-sucheho","status":"publish","type":"page","link":"https:\/\/bubahof.com\/en\/hledame-pribehy-parku-frantiska-sucheho\/","title":{"rendered":"Looking for stories of Franti\u0161ek Such\u00fd Park"},"content":{"rendered":"<div class=\"breakdance\"><section class=\"bde-section-960-119 bde-section\">\n  \n  \n\t\n\n\n\n<div class=\"section-container\"><div class=\"bde-breadcrumbs-960-120 bde-breadcrumbs\">\n<span><span><a href=\"https:\/\/bubahof.com\/en\/\">Home<\/a><\/span><\/span>\n<\/div><div class=\"bde-columns-960-121 bde-columns\"><div class=\"bde-column-960-122 bde-column\">\n  \n  \n\t\n\n\n\n<div class=\"bde-div-960-123 bde-div\">\n  \n  \n\t\n\n\n\n<h1 class=\"bde-heading-960-124 bde-heading\">\nLooking for stories of Franti\u0161ek Such\u00fd Park\n<\/h1><div class=\"bde-rich-text-960-125 bde-rich-text breakdance-rich-text-styles\">\nThe project of collecting memories originated as a response to the Corona-virus crisis. Measures to prevent the spread of the disease prevented mass actions for a long time, even in <a href=\"https:\/\/www.google.com\/maps\/place\/Park+Franti%C5%A1ka+Such%C3%A9ho\/@50.0728707,14.487897,16z\/data=!4m5!3m4!1s0x0:0xab4b4db352c5da1b!8m2!3d50.0746954!4d14.4860731\" target=\"_blank\" rel=\"noopener noreferrer\">Franti\u0161ek Such\u00fd Park<\/a> and isolated people in their homes. We don't know if we will face similar crises sooner or later, so we are looking for a model to build local community, solidarity and belonging even in such a situation.\n\nWe are at the beginning, so <strong>we are looking for partners who have dealt or are still dealing with the history of Stra\u0161nice<\/strong> and old residents who still remember the park from the 1970s or the construction of the metro that gave the park its present form.\n<\/div>\n<\/div><img decoding=\"async\" class=\"bde-image2-960-104 bde-image2\" src=\"https:\/\/bubahof.com\/wp-content\/uploads\/2025\/01\/park_print_serig.jpg\" loading=\"lazy\" srcset=\"https:\/\/bubahof.com\/wp-content\/uploads\/2025\/01\/park_print_serig.jpg 914w, https:\/\/bubahof.com\/wp-content\/uploads\/2025\/01\/park_print_serig-300x200.jpg 300w, https:\/\/bubahof.com\/wp-content\/uploads\/2025\/01\/park_print_serig-768x513.jpg 768w\" sizes=\"(max-width: 914px) 100vw, 914px\">\n<\/div><div class=\"bde-column-960-129 bde-column\">\n  \n  \n\t\n\n\n\n\n<\/div><\/div><\/div>\n<\/section><section class=\"bde-section-960-109 bde-section\">\n  \n  \n\t\n\n\n\n<div class=\"section-container\"><div class=\"bde-columns-960-110 bde-columns\"><div class=\"bde-column-960-111 bde-column\">\n  \n  \n\t\n\n\n\n<div class=\"bde-rich-text-960-112 bde-rich-text breakdance-rich-text-styles\">\nTogether with local associations and cultural actors in Des\u00edtka, with whom we have been cooperating for a year on the restoration of the park (Memory of the Nation, House of Reading....), we also want to <strong>to find a way to communicate<\/strong>to reach out offline and online, especially to the older generation, and engage them safely and comfortably in the story of the FS Park.\n<p style=\"text-align: left;\">If we manage to gain people's trust, the project can be a platform for meetings even in times of unexpected crises. Such long-term continuity is essential for us.<\/p>\nTogether with experts, memorials and fans of the project we want to create an archive of memories and documents about this somewhat hidden but also historically unique place. <strong>Form of presentation<\/strong> will emerge from the collaborative work, so as to inspire others to participate in the long-term building of the memory of this place.\n\nThe aim of the project is to activate people to collaborate and participate in something interesting and useful, all from the safety of their homes, using current online technologies. Predominantly older people are making memories at home during the epidemic and we would like to enable them to share these together and record the fading memory of the place and the local community. The result will be a long-term documentation project, but the actual goal of the current project is to connect lonely people and inspire them to meaningful action.\n\n<h4 style=\"text-align: left;\">Some history<\/h4>\n<p style=\"text-align: left;\">The Franti\u0161ek Such\u00fd Park is a small piece of greenery just behind the Vinohrady Cemetery towards Stra\u0161nice. It was always a diagonal road that went around the cemetery on the eastern side and connected the lower Vr\u0161ovice road with the upper Vinohradsk\u00e1 road. The surrounding construction in the 1940s gave the park a square shape, but preserved a fragment of the original diagonal shortcut. In the 1950s, the playground was probably eradicated here in the \"Z\" action, which gradually became overgrown during the normalisation period. During the construction of the metro to Strasnice in 1987, the engineers of the metro station erected colourful fans here, giving the park its current appearance. Thus, a small green belly with the original path and the normalisation \"Centre Pompidou\" was created.<\/p>\n<\/div>\n<\/div><\/div><div class=\"bde-rich-text-960-118 bde-rich-text breakdance-rich-text-styles\">\n<p style=\"text-align: left;\">The unnamed park, although according to memorials it was called the Partisans' Park after the war and until the 1980s, was named in 2015 by the Prague 10 City Hall in cooperation with the Memory of the Nation after Franti\u0161ek Such\u00fd. The ceremony was also attended by the then 88-year-old Franti\u0161ek Such\u00fd, a participant in the resistance for which he served 12 years in a communist prison. Mikul\u00e1\u0161 Kroupa originally suggested naming the park after him, but since it is not customary to name parks after still living personalities, it was named after his father, also Franti\u0161ek Such\u00fd, the pre-war director of the Stra\u0161nick\u00fd Crematorium. His father Franti\u0161ek and his son hid the ashes of those executed by the Nazis during the war and after the war he was also arrested by the communists, together with his wife Olga.<\/p><p style=\"text-align: left;\"><strong>Contact us by phone +420 777 557 828 or e-mail <a href=\"mailto:bubahof@bubahof.com\">bubahof@bubahof.com<\/a>.\u00a0<\/strong><\/p><p>\u00a0<\/p><p style=\"text-align: left;\"><em>With the support of <a href=\"https:\/\/praha10.cz\/\" target=\"_blank\" rel=\"noopener noreferrer\">Municipality of Prague 10<\/a> a <a href=\"https:\/\/www.praha.eu\/\" target=\"_blank\" rel=\"noopener noreferrer\">hl. m. Prague<\/a>.<\/em><\/p>\n<\/div><div class=\"bde-post-loop-960-132 bde-post-loop\">\n<div class=\"bde-loop bde-loop-grid ee-posts ee-posts-grid\">    <article class=\"bde-loop-item ee-post\">\n        <div class=\"breakdance\"><a class=\"bde-container-link-814-100-2525-814-1 bde-container-link bde-container-link-814-100 breakdance-link\" href=\"https:\/\/bubahof.com\/en\/udalost\/olga\/pojdte-dal-tvurci-dilna-2601\/\" target=\"_self\" data-type=\"url\">\n  \n  \n\t\n\n\n\n<img decoding=\"async\" class=\"bde-image2-814-101-2525-814-1 bde-image2 bde-image2-814-101\" src=\"https:\/\/bubahof.com\/wp-content\/uploads\/2025\/10\/Olga_PojdteDal_25_01_banner.jpg\" loading=\"lazy\" srcset=\"https:\/\/bubahof.com\/wp-content\/uploads\/2025\/10\/Olga_PojdteDal_25_01_banner.jpg 800w, https:\/\/bubahof.com\/wp-content\/uploads\/2025\/10\/Olga_PojdteDal_25_01_banner-300x169.jpg 300w, https:\/\/bubahof.com\/wp-content\/uploads\/2025\/10\/Olga_PojdteDal_25_01_banner-768x432.jpg 768w, https:\/\/bubahof.com\/wp-content\/uploads\/2025\/10\/Olga_PojdteDal_25_01_banner-18x10.jpg 18w\" sizes=\"(max-width: 800px) 100vw, 800px\"><h1 class=\"bde-heading-814-102-2525-814-1 bde-heading bde-heading-814-102\">\nPoj\u010fte d\u00e1l \u2013 tv\u016fr\u010d\u00ed d\u00edlna nejen pro dosp\u011bl\u00e9\n<\/h1><div class=\"bde-text-814-103-2525-814-1 bde-text bde-text-814-103\">\nSpace Olga\n<\/div><div class=\"bde-text-814-104-2525-814-1 bde-text bde-text-814-104\">\n26. dubna 2026\n<\/div>\n\n<\/a><\/div>    <\/article>\n    <article class=\"bde-loop-item ee-post\">\n        <div class=\"breakdance\"><a class=\"bde-container-link-814-100-2496-814-1 bde-container-link bde-container-link-814-100 breakdance-link\" href=\"https:\/\/bubahof.com\/en\/udalost\/olga\/otevrena-kniha-ctenarsky-klub-v-prostoru-olga-4\/\" target=\"_self\" data-type=\"url\">\n  \n  \n\t\n\n\n\n<img decoding=\"async\" class=\"bde-image2-814-101-2496-814-1 bde-image2 bde-image2-814-101\" src=\"https:\/\/bubahof.com\/wp-content\/uploads\/2025\/09\/Olga_knihovna_klub_banner.jpg\" loading=\"lazy\" srcset=\"https:\/\/bubahof.com\/wp-content\/uploads\/2025\/09\/Olga_knihovna_klub_banner.jpg 800w, https:\/\/bubahof.com\/wp-content\/uploads\/2025\/09\/Olga_knihovna_klub_banner-300x169.jpg 300w, https:\/\/bubahof.com\/wp-content\/uploads\/2025\/09\/Olga_knihovna_klub_banner-768x432.jpg 768w, https:\/\/bubahof.com\/wp-content\/uploads\/2025\/09\/Olga_knihovna_klub_banner-18x10.jpg 18w\" sizes=\"(max-width: 800px) 100vw, 800px\"><h1 class=\"bde-heading-814-102-2496-814-1 bde-heading bde-heading-814-102\">\nOpen book\n<\/h1><div class=\"bde-text-814-103-2496-814-1 bde-text bde-text-814-103\">\nSpace Olga\n<\/div><div class=\"bde-text-814-104-2496-814-1 bde-text bde-text-814-104\">\n13. dubna 2026\n<\/div>\n\n<\/a><\/div>    <\/article>\n    <article class=\"bde-loop-item ee-post\">\n        <div class=\"breakdance\"><a class=\"bde-container-link-814-100-2517-814-1 bde-container-link bde-container-link-814-100 breakdance-link\" href=\"https:\/\/bubahof.com\/en\/udalost\/olga\/pripravy-na-vsechno-1\/\" target=\"_self\" data-type=\"url\">\n  \n  \n\t\n\n\n\n<img decoding=\"async\" class=\"bde-image2-814-101-2517-814-1 bde-image2 bde-image2-814-101\" src=\"https:\/\/bubahof.com\/wp-content\/uploads\/2026\/03\/FAMU_banner_01-2.jpg\" loading=\"lazy\" srcset=\"https:\/\/bubahof.com\/wp-content\/uploads\/2026\/03\/FAMU_banner_01-2.jpg 800w, https:\/\/bubahof.com\/wp-content\/uploads\/2026\/03\/FAMU_banner_01-2-300x158.jpg 300w, https:\/\/bubahof.com\/wp-content\/uploads\/2026\/03\/FAMU_banner_01-2-768x403.jpg 768w, https:\/\/bubahof.com\/wp-content\/uploads\/2026\/03\/FAMU_banner_01-2-18x9.jpg 18w\" sizes=\"(max-width: 800px) 100vw, 800px\"><h1 class=\"bde-heading-814-102-2517-814-1 bde-heading bde-heading-814-102\">\nP\u0158\u00cdPRAVY NA V\u0160ECHNO #1\n<\/h1><div class=\"bde-text-814-103-2517-814-1 bde-text bde-text-814-103\">\nSpace Olga\n<\/div><div class=\"bde-text-814-104-2517-814-1 bde-text bde-text-814-104\">\n9. dubna 2026\n<\/div>\n\n<\/a><\/div>    <\/article>\n<\/div>\n\n<\/div><div class=\"bde-columns-960-133 bde-columns\"><div class=\"bde-column-960-134 bde-column\">\n  \n  \n\t\n\n\n\n<div class=\"bde-globalblock-960-135 bde-globalblock\">\n<div class=\"breakdance\"><div class=\"bde-div-1434-100-1434-1 bde-div bde-div-1434-100\">\n  \n  \n\t\n\n\n\n<h3 class=\"bde-heading-1434-101-1434-1 bde-heading bde-heading-1434-101\">\nI am interested in receiving news by email<br>\n<\/h3><div class=\"bde-form-builder-1434-102-1434-1 bde-form-builder bde-form-builder-1434-102\">\n\n\n<form id=\"sber-emailu102\" class=\"breakdance-form breakdance-form--horizontal\" data-options='{\"slug\":\"custom\",\"name\":\"Sb\\u011br email\\u016f\",\"ajaxUrl\":\"https:\\\/\\\/bubahof.com\\\/wp-admin\\\/admin-ajax.php\",\"clearOnSuccess\":true,\"hideOnSuccess\":false,\"successMessage\":\"D\\u011bkujeme, V\\u00e1\\u0161 email byl zaevidov\\u00e1n.\",\"errorMessage\":\"Something went wrong\",\"redirect\":false,\"redirectUrl\":\"\",\"customJavaScript\":\"\",\"recaptcha\":{\"key\":\"\",\"enabled\":false},\"honeypot_enabled\":false,\"popupsOnSuccess\":[],\"popupsOnError\":[]}' data-steps=\"0\" action=\"\">\n  \n  \n  \n<div class=\"breakdance-form-field breakdance-form-field--email breakdance-form-field__hide-label\">\n    \n    \n            <label class=\"breakdance-form-field__label\" for=\"email\">\n            Email<span class=\"breakdance-form-field__required\">*<\/span>\n        <\/label>\n    \n    <input class=\"breakdance-form-field__input\" id=\"email\" aria-describedby=\"email\" type=\"email\" name=\"fields[email]\" placeholder=\"Fill in your e-mail address\" value=\"\" required>\n\n\n    \n    \n<\/div>\n\n\n  \n\n<div class=\"breakdance-form-field breakdance-form-footer\">\n    \n    \n                                    \n    \n    \n    \n    \n            \n            <button type=\"submit\" class=\"button-atom button-atom--primary breakdance-form-button breakdance-form-button__submit\">\n    \n        <span class=\"button-atom__text\">Subscribe<\/span>\n\n        \n        \n            <\/button>\n    \n    <input type=\"hidden\" name=\"form_id\" value=\"102\">\n    <input type=\"hidden\" name=\"post_id\" value=\"1434\">\n<\/div>\n\n  \n<input type=\"hidden\" name=\"trp-form-language\" value=\"en\"\/><\/form>\n\n\n\n<\/div><div class=\"bde-rich-text-1434-103-1434-1 bde-rich-text bde-rich-text-1434-103 breakdance-rich-text-styles\">\n<p>By subscribing, I give my consent to bubahof, z. s. to process my personal data. <a href=\"https:\/\/bubahof.com\/en\/clanek\/souhlas-se-zpracovanim-osobnich-udaju\/\">Read more.<\/a><\/p>\n<\/div>\n<\/div><\/div>\n<\/div>\n<\/div><div class=\"bde-column-960-136 bde-column\">\n  \n  \n\t\n\n\n\n\n<\/div><\/div><\/div>\n<\/section><\/div>","protected":false},"excerpt":{"rendered":"<p>Home Searching for stories of Franti\u0161ek Such\u00fd Park The project of collecting memories was created as a reaction to the Korona-virus crisis. Measures against the spread of the disease prevented mass events in Franti\u0161ek Such\u00fd Park for a long time and isolated people in their homes. We don't know if we will face similar crises sooner or later, so we are looking for a model to build local community, solidarity and belonging [...]<\/p>","protected":false},"author":1,"featured_media":0,"parent":0,"menu_order":0,"comment_status":"closed","ping_status":"closed","template":"","meta":{"_acf_changed":false,"_breakdance_hide_in_design_set":false,"_breakdance_tags":"","footnotes":""},"class_list":["post-960","page","type-page","status-publish","hentry"],"acf":[],"yoast_head":"<!-- This site is optimized with the Yoast SEO Premium plugin v26.5 (Yoast SEO v26.6) - https:\/\/yoast.com\/wordpress\/plugins\/seo\/ -->\n<title>Hled\u00e1me p\u0159\u00edb\u011bhy Parku Franti\u0161ka Such\u00e9ho - Bubahof<\/title>\n<meta name=\"robots\" content=\"index, follow, max-snippet:-1, max-image-preview:large, max-video-preview:-1\" \/>\n<link rel=\"canonical\" href=\"https:\/\/bubahof.com\/en\/hledame-pribehy-parku-frantiska-sucheho\/\" \/>\n<meta property=\"og:locale\" content=\"en_US\" \/>\n<meta property=\"og:type\" content=\"article\" \/>\n<meta property=\"og:title\" content=\"Hled\u00e1me p\u0159\u00edb\u011bhy Parku Franti\u0161ka Such\u00e9ho\" \/>\n<meta property=\"og:description\" content=\"\u00davod Hled\u00e1me p\u0159\u00edb\u011bhy Parku Franti\u0161ka Such\u00e9ho Projekt sb\u011bru vzpom\u00ednek vznikl jako reakce na Korona-virovou krizi. Opat\u0159en\u00ed proti \u0161\u00ed\u0159en\u00ed n\u00e1kazy znemo\u017enila na del\u0161\u00ed dobu hromadn\u00e9 akce i v Parku Franti\u0161ka Such\u00e9ho a izolovala lidi v dom\u00e1cnostech. Nev\u00edme, jestli n\u00e1s \u010dekaj\u00ed d\u0159\u00edve nebo pozd\u011bji podobn\u00e9 krize, proto hled\u00e1me model, jak budovat m\u00edstn\u00ed komunitu, solidaritu a soun\u00e1le\u017eitost i [&hellip;]\" \/>\n<meta property=\"og:url\" content=\"https:\/\/bubahof.com\/en\/hledame-pribehy-parku-frantiska-sucheho\/\" \/>\n<meta property=\"og:site_name\" content=\"Bubahof\" \/>\n<meta property=\"article:modified_time\" content=\"2025-12-18T13:04:00+00:00\" \/>\n<meta name=\"twitter:card\" content=\"summary_large_image\" \/>\n<meta name=\"twitter:label1\" content=\"Est. reading time\" \/>\n\t<meta name=\"twitter:data1\" content=\"5 minutes\" \/>\n<script type=\"application\/ld+json\" class=\"yoast-schema-graph\">{\"@context\":\"https:\/\/schema.org\",\"@graph\":[{\"@type\":\"WebPage\",\"@id\":\"https:\/\/bubahof.com\/hledame-pribehy-parku-frantiska-sucheho\/\",\"url\":\"https:\/\/bubahof.com\/hledame-pribehy-parku-frantiska-sucheho\/\",\"name\":\"Hled\u00e1me p\u0159\u00edb\u011bhy Parku Franti\u0161ka Such\u00e9ho - Bubahof\",\"isPartOf\":{\"@id\":\"https:\/\/bubahof.com\/#website\"},\"datePublished\":\"2025-01-21T13:20:33+00:00\",\"dateModified\":\"2025-12-18T13:04:00+00:00\",\"breadcrumb\":{\"@id\":\"https:\/\/bubahof.com\/hledame-pribehy-parku-frantiska-sucheho\/#breadcrumb\"},\"inLanguage\":\"en-US\",\"potentialAction\":[{\"@type\":\"ReadAction\",\"target\":[\"https:\/\/bubahof.com\/hledame-pribehy-parku-frantiska-sucheho\/\"]}]},{\"@type\":\"BreadcrumbList\",\"@id\":\"https:\/\/bubahof.com\/hledame-pribehy-parku-frantiska-sucheho\/#breadcrumb\",\"itemListElement\":[{\"@type\":\"ListItem\",\"position\":1,\"name\":\"\u00davod\",\"item\":\"https:\/\/bubahof.com\/\"},{\"@type\":\"ListItem\",\"position\":2,\"name\":\"Hled\u00e1me p\u0159\u00edb\u011bhy Parku Franti\u0161ka Such\u00e9ho\"}]},{\"@type\":\"WebSite\",\"@id\":\"https:\/\/bubahof.com\/#website\",\"url\":\"https:\/\/bubahof.com\/\",\"name\":\"Bubahof\",\"description\":\"\",\"potentialAction\":[{\"@type\":\"SearchAction\",\"target\":{\"@type\":\"EntryPoint\",\"urlTemplate\":\"https:\/\/bubahof.com\/?s={search_term_string}\"},\"query-input\":{\"@type\":\"PropertyValueSpecification\",\"valueRequired\":true,\"valueName\":\"search_term_string\"}}],\"inLanguage\":\"en-US\"}]}<\/script>\n<!-- \/ Yoast SEO Premium plugin. -->","yoast_head_json":{"title":"Hled\u00e1me p\u0159\u00edb\u011bhy Parku Franti\u0161ka Such\u00e9ho - Bubahof","robots":{"index":"index","follow":"follow","max-snippet":"max-snippet:-1","max-image-preview":"max-image-preview:large","max-video-preview":"max-video-preview:-1"},"canonical":"https:\/\/bubahof.com\/en\/hledame-pribehy-parku-frantiska-sucheho\/","og_locale":"en_US","og_type":"article","og_title":"Hled\u00e1me p\u0159\u00edb\u011bhy Parku Franti\u0161ka Such\u00e9ho","og_description":"\u00davod Hled\u00e1me p\u0159\u00edb\u011bhy Parku Franti\u0161ka Such\u00e9ho Projekt sb\u011bru vzpom\u00ednek vznikl jako reakce na Korona-virovou krizi. Opat\u0159en\u00ed proti \u0161\u00ed\u0159en\u00ed n\u00e1kazy znemo\u017enila na del\u0161\u00ed dobu hromadn\u00e9 akce i v Parku Franti\u0161ka Such\u00e9ho a izolovala lidi v dom\u00e1cnostech. Nev\u00edme, jestli n\u00e1s \u010dekaj\u00ed d\u0159\u00edve nebo pozd\u011bji podobn\u00e9 krize, proto hled\u00e1me model, jak budovat m\u00edstn\u00ed komunitu, solidaritu a soun\u00e1le\u017eitost i [&hellip;]","og_url":"https:\/\/bubahof.com\/en\/hledame-pribehy-parku-frantiska-sucheho\/","og_site_name":"Bubahof","article_modified_time":"2025-12-18T13:04:00+00:00","twitter_card":"summary_large_image","twitter_misc":{"Est. reading time":"5 minutes"},"schema":{"@context":"https:\/\/schema.org","@graph":[{"@type":"WebPage","@id":"https:\/\/bubahof.com\/hledame-pribehy-parku-frantiska-sucheho\/","url":"https:\/\/bubahof.com\/hledame-pribehy-parku-frantiska-sucheho\/","name":"Hled\u00e1me p\u0159\u00edb\u011bhy Parku Franti\u0161ka Such\u00e9ho - Bubahof","isPartOf":{"@id":"https:\/\/bubahof.com\/#website"},"datePublished":"2025-01-21T13:20:33+00:00","dateModified":"2025-12-18T13:04:00+00:00","breadcrumb":{"@id":"https:\/\/bubahof.com\/hledame-pribehy-parku-frantiska-sucheho\/#breadcrumb"},"inLanguage":"en-US","potentialAction":[{"@type":"ReadAction","target":["https:\/\/bubahof.com\/hledame-pribehy-parku-frantiska-sucheho\/"]}]},{"@type":"BreadcrumbList","@id":"https:\/\/bubahof.com\/hledame-pribehy-parku-frantiska-sucheho\/#breadcrumb","itemListElement":[{"@type":"ListItem","position":1,"name":"\u00davod","item":"https:\/\/bubahof.com\/"},{"@type":"ListItem","position":2,"name":"Hled\u00e1me p\u0159\u00edb\u011bhy Parku Franti\u0161ka Such\u00e9ho"}]},{"@type":"WebSite","@id":"https:\/\/bubahof.com\/#website","url":"https:\/\/bubahof.com\/","name":"Bubahof","description":"","potentialAction":[{"@type":"SearchAction","target":{"@type":"EntryPoint","urlTemplate":"https:\/\/bubahof.com\/?s={search_term_string}"},"query-input":{"@type":"PropertyValueSpecification","valueRequired":true,"valueName":"search_term_string"}}],"inLanguage":"en-US"}]}},"_links":{"self":[{"href":"https:\/\/bubahof.com\/en\/wp-json\/wp\/v2\/pages\/960","targetHints":{"allow":["GET"]}}],"collection":[{"href":"https:\/\/bubahof.com\/en\/wp-json\/wp\/v2\/pages"}],"about":[{"href":"https:\/\/bubahof.com\/en\/wp-json\/wp\/v2\/types\/page"}],"author":[{"embeddable":true,"href":"https:\/\/bubahof.com\/en\/wp-json\/wp\/v2\/users\/1"}],"replies":[{"embeddable":true,"href":"https:\/\/bubahof.com\/en\/wp-json\/wp\/v2\/comments?post=960"}],"version-history":[{"count":6,"href":"https:\/\/bubahof.com\/en\/wp-json\/wp\/v2\/pages\/960\/revisions"}],"predecessor-version":[{"id":1529,"href":"https:\/\/bubahof.com\/en\/wp-json\/wp\/v2\/pages\/960\/revisions\/1529"}],"wp:attachment":[{"href":"https:\/\/bubahof.com\/en\/wp-json\/wp\/v2\/media?parent=960"}],"curies":[{"name":"wp","href":"https:\/\/api.w.org\/{rel}","templated":true}]}}