{"id":976,"date":"2025-01-21T20:15:24","date_gmt":"2025-01-21T20:15:24","guid":{"rendered":"https:\/\/bubahof.com\/novy\/?page_id=976"},"modified":"2026-01-21T22:18:38","modified_gmt":"2026-01-21T21:18:38","slug":"spolek-bubahof","status":"publish","type":"page","link":"https:\/\/bubahof.com\/en\/spolek-bubahof\/","title":{"rendered":"BUBAHOF Association"},"content":{"rendered":"<div class=\"breakdance\"><section class=\"bde-section-976-100 bde-section\">\n  \n  \n\t\n\n\n\n<div class=\"section-container\"><div class=\"bde-breadcrumbs-976-101 bde-breadcrumbs\">\n<span><span><a href=\"https:\/\/bubahof.com\/en\/\">Home<\/a><\/span><\/span>\n<\/div><div class=\"bde-columns-976-102 bde-columns\"><div class=\"bde-column-976-103 bde-column\">\n  \n  \n\t\n\n\n\n<div class=\"bde-div-976-123 bde-div\">\n  \n  \n\t\n\n\n\n<h1 class=\"bde-heading-976-107 bde-heading\">\nBUBAHOF Association\n<\/h1><div class=\"bde-rich-text-976-108 bde-rich-text breakdance-rich-text-styles\">\n<p>The Bubahof was founded as an original community in which relationships without hierarchies and an emphasis on ecological behaviour not only towards nature but also towards each other play an important role. It is an open platform for socio-cultural activism and education.<\/p><p>Today it addresses not only the cultural public, the art scene and its students, but also the citizens of Stra\u0161nice and its surroundings, local initiatives and institutions, etc. Conveying themes of art, alternative economic forms, human rights, permaculture approaches, local history and visual culture in a spirit of openness and respect, shared creativity and critical thinking.<\/p>\n<\/div>\n<\/div><img decoding=\"async\" class=\"bde-image2-976-104 bde-image2\" src=\"https:\/\/bubahof.com\/wp-content\/uploads\/2025\/01\/buba-kocky.jpg\" loading=\"lazy\" srcset=\"https:\/\/bubahof.com\/wp-content\/uploads\/2025\/01\/buba-kocky.jpg 1504w, https:\/\/bubahof.com\/wp-content\/uploads\/2025\/01\/buba-kocky-224x300.jpg 224w, https:\/\/bubahof.com\/wp-content\/uploads\/2025\/01\/buba-kocky-764x1024.jpg 764w, https:\/\/bubahof.com\/wp-content\/uploads\/2025\/01\/buba-kocky-768x1029.jpg 768w, https:\/\/bubahof.com\/wp-content\/uploads\/2025\/01\/buba-kocky-1146x1536.jpg 1146w\" sizes=\"(max-width: 1504px) 100vw, 1504px\">\n<\/div><div class=\"bde-column-976-106 bde-column\">\n  \n  \n\t\n\n\n\n\n<\/div><\/div><\/div>\n<\/section><section class=\"bde-section-976-109 bde-section\">\n  \n  \n\t\n\n\n\n<div class=\"section-container\"><div class=\"bde-columns-976-110 bde-columns\"><div class=\"bde-column-976-111 bde-column\">\n  \n  \n\t\n\n\n\n<div class=\"bde-rich-text-976-112 bde-rich-text breakdance-rich-text-styles\">\n<h4 style=\"text-align: left;\">Studios and courtyard in the courtyard<\/h4><p>The association concentrates in its headquarters at Za Po\u0161tou 8 in Prague's Stra\u0161nice <a href=\"https:\/\/bubahof.com\/en\/stranka\/ateliery\/\">studios<\/a> artists*women, spaces for <a href=\"https:\/\/bubahof.com\/en\/archiv-rezidence\/\">residence<\/a> and other activities. It is also a shared living space, a \"breeding ground\" for common projects of the population and activities of the Olga Space. The formerly dismal concrete area of the courtyard has now been transformed into an inhabited <a href=\"https:\/\/bubahof.com\/en\/stranka\/zahrada\/\">Garden<\/a>where the permanent residents are the cats C\u00e9ca and Buba, after whom the association is named. The \"Hof\" or backyard is a real and symbolic refuge.<\/p><h4 style=\"text-align: left;\">Franti\u0161ek Such\u00fd Park and Olga space<\/h4><p style=\"text-align: left;\">Bubahof stepped outside the walls of the courtyard and with similar care restored the forgotten Stra\u0161nick\u00fd <a href=\"https:\/\/bubahof.com\/en\/stranka\/park-frantiska-sucheho\/\">Franti\u0161ek Such\u00fd Park<\/a> and enlivened it with neighborhood festivities. It is thus participating in the creation of an open platform for cooperation with active citizens and local associations with the intention of jointly creating new traditions based on local history and current neighbourhood life. It also remembers the double resistance against the totalitarianism of the Franti\u0161ek Suchy family and the importance of human rights in the present day. Over time, the park has also become a backdrop for events in the <a href=\"https:\/\/bubahof.com\/en\/stranka\/prostor-olga\/\">Space Olga<\/a>, a community space with <a href=\"https:\/\/bubahof.com\/en\/udalosti-galerie\/\" target=\"_blank\" rel=\"noopener\">galleries<\/a> and a front garden. It bears the first name of his wife Fr. Such\u00fd and is almost symbolically adjacent to the park.<\/p>\n<\/div>\n<\/div><div class=\"bde-column-976-113 bde-column\">\n  \n  \n\t\n\n\n\n\n<\/div><\/div><div class=\"bde-post-loop-976-124 bde-post-loop\">\n<div class=\"bde-loop bde-loop-grid ee-posts ee-posts-grid\">    <article class=\"bde-loop-item ee-post\">\n        <div class=\"breakdance\"><a class=\"bde-container-link-814-100-2525-814-1 bde-container-link bde-container-link-814-100 breakdance-link\" href=\"https:\/\/bubahof.com\/en\/udalost\/olga\/pojdte-dal-tvurci-dilna-2601\/\" target=\"_self\" data-type=\"url\">\n  \n  \n\t\n\n\n\n<img decoding=\"async\" class=\"bde-image2-814-101-2525-814-1 bde-image2 bde-image2-814-101\" src=\"https:\/\/bubahof.com\/wp-content\/uploads\/2025\/10\/Olga_PojdteDal_25_01_banner.jpg\" loading=\"lazy\" srcset=\"https:\/\/bubahof.com\/wp-content\/uploads\/2025\/10\/Olga_PojdteDal_25_01_banner.jpg 800w, https:\/\/bubahof.com\/wp-content\/uploads\/2025\/10\/Olga_PojdteDal_25_01_banner-300x169.jpg 300w, https:\/\/bubahof.com\/wp-content\/uploads\/2025\/10\/Olga_PojdteDal_25_01_banner-768x432.jpg 768w, https:\/\/bubahof.com\/wp-content\/uploads\/2025\/10\/Olga_PojdteDal_25_01_banner-18x10.jpg 18w\" sizes=\"(max-width: 800px) 100vw, 800px\"><h1 class=\"bde-heading-814-102-2525-814-1 bde-heading bde-heading-814-102\">\nPoj\u010fte d\u00e1l \u2013 tv\u016fr\u010d\u00ed d\u00edlna nejen pro dosp\u011bl\u00e9\n<\/h1><div class=\"bde-text-814-103-2525-814-1 bde-text bde-text-814-103\">\nSpace Olga\n<\/div><div class=\"bde-text-814-104-2525-814-1 bde-text bde-text-814-104\">\n26. dubna 2026\n<\/div>\n\n<\/a><\/div>    <\/article>\n    <article class=\"bde-loop-item ee-post\">\n        <div class=\"breakdance\"><a class=\"bde-container-link-814-100-2496-814-1 bde-container-link bde-container-link-814-100 breakdance-link\" href=\"https:\/\/bubahof.com\/en\/udalost\/olga\/otevrena-kniha-ctenarsky-klub-v-prostoru-olga-4\/\" target=\"_self\" data-type=\"url\">\n  \n  \n\t\n\n\n\n<img decoding=\"async\" class=\"bde-image2-814-101-2496-814-1 bde-image2 bde-image2-814-101\" src=\"https:\/\/bubahof.com\/wp-content\/uploads\/2025\/09\/Olga_knihovna_klub_banner.jpg\" loading=\"lazy\" srcset=\"https:\/\/bubahof.com\/wp-content\/uploads\/2025\/09\/Olga_knihovna_klub_banner.jpg 800w, https:\/\/bubahof.com\/wp-content\/uploads\/2025\/09\/Olga_knihovna_klub_banner-300x169.jpg 300w, https:\/\/bubahof.com\/wp-content\/uploads\/2025\/09\/Olga_knihovna_klub_banner-768x432.jpg 768w, https:\/\/bubahof.com\/wp-content\/uploads\/2025\/09\/Olga_knihovna_klub_banner-18x10.jpg 18w\" sizes=\"(max-width: 800px) 100vw, 800px\"><h1 class=\"bde-heading-814-102-2496-814-1 bde-heading bde-heading-814-102\">\nOpen book\n<\/h1><div class=\"bde-text-814-103-2496-814-1 bde-text bde-text-814-103\">\nSpace Olga\n<\/div><div class=\"bde-text-814-104-2496-814-1 bde-text bde-text-814-104\">\n13. dubna 2026\n<\/div>\n\n<\/a><\/div>    <\/article>\n    <article class=\"bde-loop-item ee-post\">\n        <div class=\"breakdance\"><a class=\"bde-container-link-814-100-2517-814-1 bde-container-link bde-container-link-814-100 breakdance-link\" href=\"https:\/\/bubahof.com\/en\/udalost\/olga\/pripravy-na-vsechno-1\/\" target=\"_self\" data-type=\"url\">\n  \n  \n\t\n\n\n\n<img decoding=\"async\" class=\"bde-image2-814-101-2517-814-1 bde-image2 bde-image2-814-101\" src=\"https:\/\/bubahof.com\/wp-content\/uploads\/2026\/03\/FAMU_banner_01-2.jpg\" loading=\"lazy\" srcset=\"https:\/\/bubahof.com\/wp-content\/uploads\/2026\/03\/FAMU_banner_01-2.jpg 800w, https:\/\/bubahof.com\/wp-content\/uploads\/2026\/03\/FAMU_banner_01-2-300x158.jpg 300w, https:\/\/bubahof.com\/wp-content\/uploads\/2026\/03\/FAMU_banner_01-2-768x403.jpg 768w, https:\/\/bubahof.com\/wp-content\/uploads\/2026\/03\/FAMU_banner_01-2-18x9.jpg 18w\" sizes=\"(max-width: 800px) 100vw, 800px\"><h1 class=\"bde-heading-814-102-2517-814-1 bde-heading bde-heading-814-102\">\nP\u0158\u00cdPRAVY NA V\u0160ECHNO #1\n<\/h1><div class=\"bde-text-814-103-2517-814-1 bde-text bde-text-814-103\">\nSpace Olga\n<\/div><div class=\"bde-text-814-104-2517-814-1 bde-text bde-text-814-104\">\n9. dubna 2026\n<\/div>\n\n<\/a><\/div>    <\/article>\n<\/div>\n\n<\/div><div class=\"bde-globalblock-976-125 bde-globalblock\">\n<div class=\"breakdance\"><div class=\"bde-div-1434-100-1434-1 bde-div bde-div-1434-100\">\n  \n  \n\t\n\n\n\n<h3 class=\"bde-heading-1434-101-1434-1 bde-heading bde-heading-1434-101\">\nI am interested in receiving news by email<br>\n<\/h3><div class=\"bde-form-builder-1434-102-1434-1 bde-form-builder bde-form-builder-1434-102\">\n\n\n<form id=\"sber-emailu102\" class=\"breakdance-form breakdance-form--horizontal\" data-options='{\"slug\":\"custom\",\"name\":\"Sb\\u011br email\\u016f\",\"ajaxUrl\":\"https:\\\/\\\/bubahof.com\\\/wp-admin\\\/admin-ajax.php\",\"clearOnSuccess\":true,\"hideOnSuccess\":false,\"successMessage\":\"D\\u011bkujeme, V\\u00e1\\u0161 email byl zaevidov\\u00e1n.\",\"errorMessage\":\"Something went wrong\",\"redirect\":false,\"redirectUrl\":\"\",\"customJavaScript\":\"\",\"recaptcha\":{\"key\":\"\",\"enabled\":false},\"honeypot_enabled\":false,\"popupsOnSuccess\":[],\"popupsOnError\":[]}' data-steps=\"0\" action=\"\">\n  \n  \n  \n<div class=\"breakdance-form-field breakdance-form-field--email breakdance-form-field__hide-label\">\n    \n    \n            <label class=\"breakdance-form-field__label\" for=\"email\">\n            Email<span class=\"breakdance-form-field__required\">*<\/span>\n        <\/label>\n    \n    <input class=\"breakdance-form-field__input\" id=\"email\" aria-describedby=\"email\" type=\"email\" name=\"fields[email]\" placeholder=\"Fill in your e-mail address\" value=\"\" required>\n\n\n    \n    \n<\/div>\n\n\n  \n\n<div class=\"breakdance-form-field breakdance-form-footer\">\n    \n    \n                                    \n    \n    \n    \n    \n            \n            <button type=\"submit\" class=\"button-atom button-atom--primary breakdance-form-button breakdance-form-button__submit\">\n    \n        <span class=\"button-atom__text\">Subscribe<\/span>\n\n        \n        \n            <\/button>\n    \n    <input type=\"hidden\" name=\"form_id\" value=\"102\">\n    <input type=\"hidden\" name=\"post_id\" value=\"1434\">\n<\/div>\n\n  \n<input type=\"hidden\" name=\"trp-form-language\" value=\"en\"\/><\/form>\n\n\n\n<\/div><div class=\"bde-rich-text-1434-103-1434-1 bde-rich-text bde-rich-text-1434-103 breakdance-rich-text-styles\">\n<p>By subscribing, I give my consent to bubahof, z. s. to process my personal data. <a href=\"https:\/\/bubahof.com\/en\/clanek\/souhlas-se-zpracovanim-osobnich-udaju\/\">Read more.<\/a><\/p>\n<\/div>\n<\/div><\/div>\n<\/div><\/div>\n<\/section><\/div>","protected":false},"excerpt":{"rendered":"<p>Introduction BUBAHOF Bubahof was founded as an original community in which relationships without hierarchies and an emphasis on ecological behaviour not only towards nature but also towards each other play an important role. It is an open platform focused on socio-cultural activism and education.Today it addresses not only the cultural public, the art scene and its students, but also the citizens of Stra\u0161nice and [...]<\/p>","protected":false},"author":1,"featured_media":0,"parent":0,"menu_order":0,"comment_status":"closed","ping_status":"closed","template":"","meta":{"_acf_changed":false,"_breakdance_hide_in_design_set":false,"_breakdance_tags":"","footnotes":""},"class_list":["post-976","page","type-page","status-publish","hentry"],"acf":[],"yoast_head":"<!-- This site is optimized with the Yoast SEO Premium plugin v26.5 (Yoast SEO v26.6) - https:\/\/yoast.com\/wordpress\/plugins\/seo\/ -->\n<title>Spolek BUBAHOF - Bubahof<\/title>\n<meta name=\"robots\" content=\"index, follow, max-snippet:-1, max-image-preview:large, max-video-preview:-1\" \/>\n<link rel=\"canonical\" href=\"https:\/\/bubahof.com\/en\/spolek-bubahof\/\" \/>\n<meta property=\"og:locale\" content=\"en_US\" \/>\n<meta property=\"og:type\" content=\"article\" \/>\n<meta property=\"og:title\" content=\"Spolek BUBAHOF\" \/>\n<meta property=\"og:description\" content=\"\u00davod Spolek BUBAHOF Bubahof vznikl jako origin\u00e1ln\u00ed spole\u010denstv\u00ed, v n\u011bm\u017e d\u016fle\u017eitou roli hraj\u00ed vztahy nepodl\u00e9haj\u00edc\u00ed hierarchi\u00edm a d\u016fraz na ekologii chov\u00e1n\u00ed nejen v\u016f\u010di p\u0159\u00edrod\u011b, ale i v\u016f\u010di sob\u011b navz\u00e1jem. Je otev\u0159enou platformou zam\u011b\u0159enou na soci\u00e1ln\u011b-kulturn\u00ed aktivismus a vzd\u011bl\u00e1v\u00e1n\u00ed.Oslovuje dnes nejen kulturn\u00ed ve\u0159ejnost, um\u011bleckou sc\u00e9nu a jej\u00ed studenty, ale tak\u00e9 ob\u010dany Stra\u0161nic a okol\u00ed, m\u00edstn\u00ed iniciativy [&hellip;]\" \/>\n<meta property=\"og:url\" content=\"https:\/\/bubahof.com\/en\/spolek-bubahof\/\" \/>\n<meta property=\"og:site_name\" content=\"Bubahof\" \/>\n<meta property=\"article:modified_time\" content=\"2026-01-21T21:18:38+00:00\" \/>\n<meta name=\"twitter:card\" content=\"summary_large_image\" \/>\n<meta name=\"twitter:label1\" content=\"Est. reading time\" \/>\n\t<meta name=\"twitter:data1\" content=\"4 minutes\" \/>\n<script type=\"application\/ld+json\" class=\"yoast-schema-graph\">{\"@context\":\"https:\/\/schema.org\",\"@graph\":[{\"@type\":\"WebPage\",\"@id\":\"https:\/\/bubahof.com\/spolek-bubahof\/\",\"url\":\"https:\/\/bubahof.com\/spolek-bubahof\/\",\"name\":\"Spolek BUBAHOF - Bubahof\",\"isPartOf\":{\"@id\":\"https:\/\/bubahof.com\/#website\"},\"datePublished\":\"2025-01-21T20:15:24+00:00\",\"dateModified\":\"2026-01-21T21:18:38+00:00\",\"breadcrumb\":{\"@id\":\"https:\/\/bubahof.com\/spolek-bubahof\/#breadcrumb\"},\"inLanguage\":\"en-US\",\"potentialAction\":[{\"@type\":\"ReadAction\",\"target\":[\"https:\/\/bubahof.com\/spolek-bubahof\/\"]}]},{\"@type\":\"BreadcrumbList\",\"@id\":\"https:\/\/bubahof.com\/spolek-bubahof\/#breadcrumb\",\"itemListElement\":[{\"@type\":\"ListItem\",\"position\":1,\"name\":\"\u00davod\",\"item\":\"https:\/\/bubahof.com\/\"},{\"@type\":\"ListItem\",\"position\":2,\"name\":\"Spolek BUBAHOF\"}]},{\"@type\":\"WebSite\",\"@id\":\"https:\/\/bubahof.com\/#website\",\"url\":\"https:\/\/bubahof.com\/\",\"name\":\"Bubahof\",\"description\":\"\",\"potentialAction\":[{\"@type\":\"SearchAction\",\"target\":{\"@type\":\"EntryPoint\",\"urlTemplate\":\"https:\/\/bubahof.com\/?s={search_term_string}\"},\"query-input\":{\"@type\":\"PropertyValueSpecification\",\"valueRequired\":true,\"valueName\":\"search_term_string\"}}],\"inLanguage\":\"en-US\"}]}<\/script>\n<!-- \/ Yoast SEO Premium plugin. -->","yoast_head_json":{"title":"Spolek BUBAHOF - Bubahof","robots":{"index":"index","follow":"follow","max-snippet":"max-snippet:-1","max-image-preview":"max-image-preview:large","max-video-preview":"max-video-preview:-1"},"canonical":"https:\/\/bubahof.com\/en\/spolek-bubahof\/","og_locale":"en_US","og_type":"article","og_title":"Spolek BUBAHOF","og_description":"\u00davod Spolek BUBAHOF Bubahof vznikl jako origin\u00e1ln\u00ed spole\u010denstv\u00ed, v n\u011bm\u017e d\u016fle\u017eitou roli hraj\u00ed vztahy nepodl\u00e9haj\u00edc\u00ed hierarchi\u00edm a d\u016fraz na ekologii chov\u00e1n\u00ed nejen v\u016f\u010di p\u0159\u00edrod\u011b, ale i v\u016f\u010di sob\u011b navz\u00e1jem. Je otev\u0159enou platformou zam\u011b\u0159enou na soci\u00e1ln\u011b-kulturn\u00ed aktivismus a vzd\u011bl\u00e1v\u00e1n\u00ed.Oslovuje dnes nejen kulturn\u00ed ve\u0159ejnost, um\u011bleckou sc\u00e9nu a jej\u00ed studenty, ale tak\u00e9 ob\u010dany Stra\u0161nic a okol\u00ed, m\u00edstn\u00ed iniciativy [&hellip;]","og_url":"https:\/\/bubahof.com\/en\/spolek-bubahof\/","og_site_name":"Bubahof","article_modified_time":"2026-01-21T21:18:38+00:00","twitter_card":"summary_large_image","twitter_misc":{"Est. reading time":"4 minutes"},"schema":{"@context":"https:\/\/schema.org","@graph":[{"@type":"WebPage","@id":"https:\/\/bubahof.com\/spolek-bubahof\/","url":"https:\/\/bubahof.com\/spolek-bubahof\/","name":"Spolek BUBAHOF - Bubahof","isPartOf":{"@id":"https:\/\/bubahof.com\/#website"},"datePublished":"2025-01-21T20:15:24+00:00","dateModified":"2026-01-21T21:18:38+00:00","breadcrumb":{"@id":"https:\/\/bubahof.com\/spolek-bubahof\/#breadcrumb"},"inLanguage":"en-US","potentialAction":[{"@type":"ReadAction","target":["https:\/\/bubahof.com\/spolek-bubahof\/"]}]},{"@type":"BreadcrumbList","@id":"https:\/\/bubahof.com\/spolek-bubahof\/#breadcrumb","itemListElement":[{"@type":"ListItem","position":1,"name":"\u00davod","item":"https:\/\/bubahof.com\/"},{"@type":"ListItem","position":2,"name":"Spolek BUBAHOF"}]},{"@type":"WebSite","@id":"https:\/\/bubahof.com\/#website","url":"https:\/\/bubahof.com\/","name":"Bubahof","description":"","potentialAction":[{"@type":"SearchAction","target":{"@type":"EntryPoint","urlTemplate":"https:\/\/bubahof.com\/?s={search_term_string}"},"query-input":{"@type":"PropertyValueSpecification","valueRequired":true,"valueName":"search_term_string"}}],"inLanguage":"en-US"}]}},"_links":{"self":[{"href":"https:\/\/bubahof.com\/en\/wp-json\/wp\/v2\/pages\/976","targetHints":{"allow":["GET"]}}],"collection":[{"href":"https:\/\/bubahof.com\/en\/wp-json\/wp\/v2\/pages"}],"about":[{"href":"https:\/\/bubahof.com\/en\/wp-json\/wp\/v2\/types\/page"}],"author":[{"embeddable":true,"href":"https:\/\/bubahof.com\/en\/wp-json\/wp\/v2\/users\/1"}],"replies":[{"embeddable":true,"href":"https:\/\/bubahof.com\/en\/wp-json\/wp\/v2\/comments?post=976"}],"version-history":[{"count":20,"href":"https:\/\/bubahof.com\/en\/wp-json\/wp\/v2\/pages\/976\/revisions"}],"predecessor-version":[{"id":2456,"href":"https:\/\/bubahof.com\/en\/wp-json\/wp\/v2\/pages\/976\/revisions\/2456"}],"wp:attachment":[{"href":"https:\/\/bubahof.com\/en\/wp-json\/wp\/v2\/media?parent=976"}],"curies":[{"name":"wp","href":"https:\/\/api.w.org\/{rel}","templated":true}]}}