{"id":984,"date":"2025-01-21T20:45:00","date_gmt":"2025-01-21T20:45:00","guid":{"rendered":"https:\/\/bubahof.com\/novy\/?page_id=984"},"modified":"2025-12-13T12:24:54","modified_gmt":"2025-12-13T11:24:54","slug":"ateliery","status":"publish","type":"page","link":"https:\/\/bubahof.com\/en\/ateliery\/","title":{"rendered":"Ateliers"},"content":{"rendered":"<div class=\"breakdance\"><section class=\"bde-section-984-100 bde-section\">\n  \n  \n\t\n\n\n\n<div class=\"section-container\"><div class=\"bde-breadcrumbs-984-101 bde-breadcrumbs\">\n<span><span><a href=\"https:\/\/bubahof.com\/en\/\">Home<\/a><\/span><\/span>\n<\/div><div class=\"bde-columns-984-102 bde-columns\"><div class=\"bde-column-984-103 bde-column\">\n  \n  \n\t\n\n\n\n<img decoding=\"async\" class=\"bde-image2-984-104 bde-image2\" src=\"https:\/\/bubahof.com\/wp-content\/uploads\/2025\/01\/170503_BBHF-HW_02.jpg\" loading=\"lazy\" srcset=\"https:\/\/bubahof.com\/wp-content\/uploads\/2025\/01\/170503_BBHF-HW_02.jpg 900w, https:\/\/bubahof.com\/wp-content\/uploads\/2025\/01\/170503_BBHF-HW_02-300x200.jpg 300w, https:\/\/bubahof.com\/wp-content\/uploads\/2025\/01\/170503_BBHF-HW_02-768x512.jpg 768w\" sizes=\"(max-width: 900px) 100vw, 900px\"><div class=\"bde-rich-text-984-108 bde-rich-text breakdance-rich-text-styles\">\n<p><a href=\"https:\/\/www.instagram.com\/julie.danhelova\/\" target=\"_blank\" rel=\"noopener noreferrer\">Julie Da\u0148helov\u00e1<\/a><\/p><p><a href=\"https:\/\/www.instagram.com\/studiouniverzal\/\" target=\"_blank\" rel=\"noopener noreferrer\">Kry\u0161tof Ku\u010dera<\/a><\/p><p><a href=\"https:\/\/www.petrahudcova.com\/\" target=\"_blank\" rel=\"noopener noreferrer\">Petra Hudcov\u00e1<\/a><\/p><p><a href=\"https:\/\/www.instagram.com\/bubahof_olga\/\" target=\"_blank\" rel=\"noopener noreferrer\">Dita Lama\u010dov\u00e1<\/a><\/p><p><a href=\"https:\/\/www.instagram.com\/karlvesely\/\" target=\"_blank\" rel=\"noopener noreferrer\">Karel Vesely<\/a><\/p><p><a href=\"https:\/\/www.instagram.com\/vohralikova.anna\/\" target=\"_blank\" rel=\"noopener noreferrer\">Anna Vohral\u00edkov\u00e1<\/a><\/p><p><a href=\"https:\/\/www.psychoterapie-soukup.cz\/\" target=\"_blank\" rel=\"noopener noreferrer\">Jan Soukup<\/a><\/p><p><strong>Ex-residency<br><\/strong><\/p><p><a href=\"https:\/\/www.instagram.com\/tamsir.daoud\/\" target=\"_blank\" rel=\"noopener noreferrer\">Tamsir Soumar\u00e9<\/a><br><a href=\"https:\/\/www.instagram.com\/linolea_\/\" target=\"_blank\" rel=\"noopener noreferrer\">Leona Krl\u00ednov\u00e1<\/a><br><a href=\"https:\/\/www.artmap.cz\/artist\/jantra-simova-2\/\" target=\"_blank\" rel=\"noopener noreferrer\">Jantra \u0160\u00edmov\u00e1<\/a><br><a href=\"https:\/\/www.instagram.com\/ruthlittlegarden\/\" target=\"_blank\" rel=\"noopener noreferrer\">Kl\u00e1ra Zahr\u00e1dkov\u00e1<\/a><br><a href=\"https:\/\/www.instagram.com\/wvwwvww\/?hl=cs\" target=\"_blank\" rel=\"noopener noreferrer\">Darjan Hardi<\/a><br><a href=\"https:\/\/www.instagram.com\/barboradayef\/\" target=\"_blank\" rel=\"noopener noreferrer\">Barbora Dayef<\/a><br><a href=\"https:\/\/davidfesl.com\/\" target=\"_blank\" rel=\"noopener noreferrer\">David Fesl<\/a><br><a href=\"https:\/\/www.instagram.com\/adamcovamarketa\/\" target=\"_blank\" rel=\"noopener noreferrer\">Mark\u00e9ta Adamcov\u00e1<\/a><br><a href=\"https:\/\/www.doc-cd.net\/\" target=\"_blank\" rel=\"noopener noreferrer\">documentation c\u00e9line duval<\/a><br><a href=\"https:\/\/bubahof.com\/en\/udalost-bubahof\/charneux-tejero\/\" target=\"_blank\" rel=\"noopener\">Baptist Charneux<\/a><br><a href=\"https:\/\/bubahof.com\/en\/udalost-bubahof\/charneux-tejero\/\" target=\"_blank\" rel=\"noopener\">Benjamin Tejero<\/a><\/p>\n<\/div>\n<\/div><div class=\"bde-column-984-106 bde-column\">\n  \n  \n\t\n\n\n\n<h1 class=\"bde-heading-984-107 bde-heading\">\nAteliers\n<\/h1>\n<\/div><\/div><\/div>\n<\/section><\/div>","protected":false},"excerpt":{"rendered":"<p>\u00davod Julie Da\u0148helov\u00e1Kry\u0161tof Ku\u010deraPetra Hudcov\u00e1Dita Lama\u010dov\u00e1Karel Vesel\u00fdAnna Vohral\u00edkov\u00e1Jan Soukupex-residenstvoTamsir Soumar\u00e9Leona Krl\u00ednov\u00e1Jantra \u0160\u00edmov\u00e1Kl\u00e1ra Zahr\u00e1dkov\u00e1Darjan HardiBarbora DayefDavid FeslMark\u00e9ta Adamcov\u00e1documentation c\u00e9line duvalBaptist CharneuxBenjamin Tejero Ateli\u00e9ry<\/p>","protected":false},"author":1,"featured_media":0,"parent":0,"menu_order":0,"comment_status":"closed","ping_status":"closed","template":"","meta":{"_acf_changed":false,"_breakdance_hide_in_design_set":false,"_breakdance_tags":"","footnotes":""},"class_list":["post-984","page","type-page","status-publish","hentry"],"acf":[],"yoast_head":"<!-- This site is optimized with the Yoast SEO Premium plugin v26.5 (Yoast SEO v26.6) - https:\/\/yoast.com\/wordpress\/plugins\/seo\/ -->\n<title>Ateli\u00e9ry - Bubahof<\/title>\n<meta name=\"robots\" content=\"index, follow, max-snippet:-1, max-image-preview:large, max-video-preview:-1\" \/>\n<link rel=\"canonical\" href=\"https:\/\/bubahof.com\/en\/ateliery\/\" \/>\n<meta property=\"og:locale\" content=\"en_US\" \/>\n<meta property=\"og:type\" content=\"article\" \/>\n<meta property=\"og:title\" content=\"Ateli\u00e9ry\" \/>\n<meta property=\"og:description\" content=\"\u00davod Julie Da\u0148helov\u00e1Kry\u0161tof Ku\u010deraPetra Hudcov\u00e1Dita Lama\u010dov\u00e1Karel Vesel\u00fdAnna Vohral\u00edkov\u00e1Jan Soukupex-residenstvoTamsir Soumar\u00e9Leona Krl\u00ednov\u00e1Jantra \u0160\u00edmov\u00e1Kl\u00e1ra Zahr\u00e1dkov\u00e1Darjan HardiBarbora DayefDavid FeslMark\u00e9ta Adamcov\u00e1documentation c\u00e9line duvalBaptist CharneuxBenjamin Tejero Ateli\u00e9ry\" \/>\n<meta property=\"og:url\" content=\"https:\/\/bubahof.com\/en\/ateliery\/\" \/>\n<meta property=\"og:site_name\" content=\"Bubahof\" \/>\n<meta property=\"article:modified_time\" content=\"2025-12-13T11:24:54+00:00\" \/>\n<meta name=\"twitter:card\" content=\"summary_large_image\" \/>\n<meta name=\"twitter:label1\" content=\"Est. reading time\" \/>\n\t<meta name=\"twitter:data1\" content=\"1 minute\" \/>\n<script type=\"application\/ld+json\" class=\"yoast-schema-graph\">{\"@context\":\"https:\/\/schema.org\",\"@graph\":[{\"@type\":\"WebPage\",\"@id\":\"https:\/\/bubahof.com\/ateliery\/\",\"url\":\"https:\/\/bubahof.com\/ateliery\/\",\"name\":\"Ateli\u00e9ry - Bubahof\",\"isPartOf\":{\"@id\":\"https:\/\/bubahof.com\/#website\"},\"datePublished\":\"2025-01-21T20:45:00+00:00\",\"dateModified\":\"2025-12-13T11:24:54+00:00\",\"breadcrumb\":{\"@id\":\"https:\/\/bubahof.com\/ateliery\/#breadcrumb\"},\"inLanguage\":\"en-US\",\"potentialAction\":[{\"@type\":\"ReadAction\",\"target\":[\"https:\/\/bubahof.com\/ateliery\/\"]}]},{\"@type\":\"BreadcrumbList\",\"@id\":\"https:\/\/bubahof.com\/ateliery\/#breadcrumb\",\"itemListElement\":[{\"@type\":\"ListItem\",\"position\":1,\"name\":\"\u00davod\",\"item\":\"https:\/\/bubahof.com\/\"},{\"@type\":\"ListItem\",\"position\":2,\"name\":\"Ateli\u00e9ry\"}]},{\"@type\":\"WebSite\",\"@id\":\"https:\/\/bubahof.com\/#website\",\"url\":\"https:\/\/bubahof.com\/\",\"name\":\"Bubahof\",\"description\":\"\",\"potentialAction\":[{\"@type\":\"SearchAction\",\"target\":{\"@type\":\"EntryPoint\",\"urlTemplate\":\"https:\/\/bubahof.com\/?s={search_term_string}\"},\"query-input\":{\"@type\":\"PropertyValueSpecification\",\"valueRequired\":true,\"valueName\":\"search_term_string\"}}],\"inLanguage\":\"en-US\"}]}<\/script>\n<!-- \/ Yoast SEO Premium plugin. -->","yoast_head_json":{"title":"Ateli\u00e9ry - Bubahof","robots":{"index":"index","follow":"follow","max-snippet":"max-snippet:-1","max-image-preview":"max-image-preview:large","max-video-preview":"max-video-preview:-1"},"canonical":"https:\/\/bubahof.com\/en\/ateliery\/","og_locale":"en_US","og_type":"article","og_title":"Ateli\u00e9ry","og_description":"\u00davod Julie Da\u0148helov\u00e1Kry\u0161tof Ku\u010deraPetra Hudcov\u00e1Dita Lama\u010dov\u00e1Karel Vesel\u00fdAnna Vohral\u00edkov\u00e1Jan Soukupex-residenstvoTamsir Soumar\u00e9Leona Krl\u00ednov\u00e1Jantra \u0160\u00edmov\u00e1Kl\u00e1ra Zahr\u00e1dkov\u00e1Darjan HardiBarbora DayefDavid FeslMark\u00e9ta Adamcov\u00e1documentation c\u00e9line duvalBaptist CharneuxBenjamin Tejero Ateli\u00e9ry","og_url":"https:\/\/bubahof.com\/en\/ateliery\/","og_site_name":"Bubahof","article_modified_time":"2025-12-13T11:24:54+00:00","twitter_card":"summary_large_image","twitter_misc":{"Est. reading time":"1 minute"},"schema":{"@context":"https:\/\/schema.org","@graph":[{"@type":"WebPage","@id":"https:\/\/bubahof.com\/ateliery\/","url":"https:\/\/bubahof.com\/ateliery\/","name":"Ateli\u00e9ry - Bubahof","isPartOf":{"@id":"https:\/\/bubahof.com\/#website"},"datePublished":"2025-01-21T20:45:00+00:00","dateModified":"2025-12-13T11:24:54+00:00","breadcrumb":{"@id":"https:\/\/bubahof.com\/ateliery\/#breadcrumb"},"inLanguage":"en-US","potentialAction":[{"@type":"ReadAction","target":["https:\/\/bubahof.com\/ateliery\/"]}]},{"@type":"BreadcrumbList","@id":"https:\/\/bubahof.com\/ateliery\/#breadcrumb","itemListElement":[{"@type":"ListItem","position":1,"name":"\u00davod","item":"https:\/\/bubahof.com\/"},{"@type":"ListItem","position":2,"name":"Ateli\u00e9ry"}]},{"@type":"WebSite","@id":"https:\/\/bubahof.com\/#website","url":"https:\/\/bubahof.com\/","name":"Bubahof","description":"","potentialAction":[{"@type":"SearchAction","target":{"@type":"EntryPoint","urlTemplate":"https:\/\/bubahof.com\/?s={search_term_string}"},"query-input":{"@type":"PropertyValueSpecification","valueRequired":true,"valueName":"search_term_string"}}],"inLanguage":"en-US"}]}},"_links":{"self":[{"href":"https:\/\/bubahof.com\/en\/wp-json\/wp\/v2\/pages\/984","targetHints":{"allow":["GET"]}}],"collection":[{"href":"https:\/\/bubahof.com\/en\/wp-json\/wp\/v2\/pages"}],"about":[{"href":"https:\/\/bubahof.com\/en\/wp-json\/wp\/v2\/types\/page"}],"author":[{"embeddable":true,"href":"https:\/\/bubahof.com\/en\/wp-json\/wp\/v2\/users\/1"}],"replies":[{"embeddable":true,"href":"https:\/\/bubahof.com\/en\/wp-json\/wp\/v2\/comments?post=984"}],"version-history":[{"count":8,"href":"https:\/\/bubahof.com\/en\/wp-json\/wp\/v2\/pages\/984\/revisions"}],"predecessor-version":[{"id":1964,"href":"https:\/\/bubahof.com\/en\/wp-json\/wp\/v2\/pages\/984\/revisions\/1964"}],"wp:attachment":[{"href":"https:\/\/bubahof.com\/en\/wp-json\/wp\/v2\/media?parent=984"}],"curies":[{"name":"wp","href":"https:\/\/api.w.org\/{rel}","templated":true}]}}